{"id":5337,"date":"2018-10-17T13:31:23","date_gmt":"2018-10-17T13:31:23","guid":{"rendered":"http:\/\/www.mcjb.org.br\/portal\/?post_type=product&#038;p=5337"},"modified":"2018-10-18T02:30:24","modified_gmt":"2018-10-18T02:30:24","slug":"workshop-da-produtividade","status":"publish","type":"product","link":"https:\/\/www.mcjb.org.br\/portal\/produto\/workshop-da-produtividade\/","title":{"rendered":"Workshop da Produtividade &#8211; 10\/11\/18 &#8211; Inscri\u00e7\u00e3o"},"content":{"rendered":"<p style=\"text-align: justify;\"><span style=\"font-family: 'trebuchet ms', geneva, sans-serif;\">Seja no trabalho, nos estudos, para usufruir melhor do tempo livre ou para alcan\u00e7ar objetivos espec\u00edficos, a produtividade \u00e9 um fundamental! Diversas dimens\u00f5es podem ser trabalhadas para que sejamos mais produtivos no nosso dia a dia.<\/span><\/p>\n<p style=\"text-align: justify;\"><span style=\"font-family: 'trebuchet ms', geneva, sans-serif;\">Por isso, a O\u00e1sis Vita, em parceria com o <strong><em>Movimento Comunit\u00e1rio do Jardim Bot\u00e2nico<\/em><\/strong>, realizar\u00e3o o Maxx! \u2013 Workshop de Produtividade. O objetivo do projeto \u00e9 promover conhecimento especializado \u2013 te\u00f3rico e pr\u00e1tico \u2013 sobre produtividade, particularmente sobre as dimens\u00f5es de supera\u00e7\u00e3o da procrastina\u00e7\u00e3o, equil\u00edbrio e disposi\u00e7\u00e3o, em uma abordagem multidisciplinar!<\/span><a href=\"http:\/\/www.mcjb.org.br\/portal\/wp-content\/uploads\/2018\/10\/Procrastina\u00e7\u00e3o.jpg\"><img fetchpriority=\"high\" decoding=\"async\" class=\"aligncenter wp-image-5344 size-medium\" src=\"http:\/\/www.mcjb.org.br\/portal\/wp-content\/uploads\/2018\/10\/Procrastina\u00e7\u00e3o-300x300.jpg\" alt=\"\" width=\"300\" height=\"300\" srcset=\"https:\/\/www.mcjb.org.br\/portal\/wp-content\/uploads\/2018\/10\/Procrastina\u00e7\u00e3o-300x300.jpg 300w, https:\/\/www.mcjb.org.br\/portal\/wp-content\/uploads\/2018\/10\/Procrastina\u00e7\u00e3o-150x150.jpg 150w, https:\/\/www.mcjb.org.br\/portal\/wp-content\/uploads\/2018\/10\/Procrastina\u00e7\u00e3o-768x766.jpg 768w, https:\/\/www.mcjb.org.br\/portal\/wp-content\/uploads\/2018\/10\/Procrastina\u00e7\u00e3o-1024x1021.jpg 1024w, https:\/\/www.mcjb.org.br\/portal\/wp-content\/uploads\/2018\/10\/Procrastina\u00e7\u00e3o-146x146.jpg 146w, https:\/\/www.mcjb.org.br\/portal\/wp-content\/uploads\/2018\/10\/Procrastina\u00e7\u00e3o-50x50.jpg 50w, https:\/\/www.mcjb.org.br\/portal\/wp-content\/uploads\/2018\/10\/Procrastina\u00e7\u00e3o-75x75.jpg 75w, https:\/\/www.mcjb.org.br\/portal\/wp-content\/uploads\/2018\/10\/Procrastina\u00e7\u00e3o-85x85.jpg 85w, https:\/\/www.mcjb.org.br\/portal\/wp-content\/uploads\/2018\/10\/Procrastina\u00e7\u00e3o-80x80.jpg 80w, https:\/\/www.mcjb.org.br\/portal\/wp-content\/uploads\/2018\/10\/Procrastina\u00e7\u00e3o-600x598.jpg 600w, https:\/\/www.mcjb.org.br\/portal\/wp-content\/uploads\/2018\/10\/Procrastina\u00e7\u00e3o-100x100.jpg 100w, https:\/\/www.mcjb.org.br\/portal\/wp-content\/uploads\/2018\/10\/Procrastina\u00e7\u00e3o.jpg 1446w\" sizes=\"(max-width: 300px) 100vw, 300px\" \/><\/a><span style=\"font-family: 'trebuchet ms', geneva, sans-serif;\">Profissionais das \u00e1reas de <em>coaching<\/em> e sa\u00fade trabalhar\u00e3o o tema da produtividade baseados em quatro fundamentos: foco, planejamento, organiza\u00e7\u00e3o e sa\u00fade, com especial aten\u00e7\u00e3o \u00e0 produtividade no trabalho, nos estudos, no tempo livre e na busca por objetivos espec\u00edficos.<\/span><\/p>\n<p style=\"text-align: justify;\"><span style=\"font-family: 'trebuchet ms', geneva, sans-serif;\">Vai ser uma experi\u00eancia de imers\u00e3o impactante em ideias e proposi\u00e7\u00f5es pr\u00e1ticas para que voc\u00ea tenha ferramentas e conhecimento suficiente para ser mais produtivo imediatamente! Participe!<\/span><\/p>\n","protected":false},"excerpt":{"rendered":"<p style=\"text-align: justify;\"><span style=\"font-family: 'trebuchet ms', geneva, sans-serif; font-size: 12pt;\">Inscreva-se agora e torne-se mais produtivo!<\/span><\/p>\n<p style=\"text-align: justify;\"><span style=\"font-family: 'trebuchet ms', geneva, sans-serif; font-size: 12pt;\"><div class=\"su-note\"  style=\"border-color:#880aa5;border-radius:1px;-moz-border-radius:1px;-webkit-border-radius:1px;\"><div class=\"su-note-inner su-u-clearfix su-u-trim\" style=\"background-color:#a224bf;border-color:#fff0ff;color:#ffff;border-radius:1px;-moz-border-radius:1px;-webkit-border-radius:1px;\"><strong>Data<\/strong>: 10\/11\/2018 08h00 \u2013 12h00<\/span><br \/>\n<span style=\"font-family: 'trebuchet ms', geneva, sans-serif; font-size: 12pt;\"> <strong> Local<\/strong>: &lt;Divulga\u00e7\u00e3o em breve&gt;<\/span><br \/>\n<span style=\"font-family: 'trebuchet ms', geneva, sans-serif; font-size: 12pt;\"> <strong> Inscri\u00e7\u00f5es<\/strong>: R$60,00<\/span><br \/>\n<span style=\"font-family: 'trebuchet ms', geneva, sans-serif; font-size: 12pt;\"> (Moradores de condom\u00ednios associados do Movimento Comunit\u00e1rio do Jardim Bot\u00e2nico t\u00eam desconto de 8% na inscri\u00e7\u00e3o)<br \/>\n<\/span><span style=\"font-family: 'trebuchet ms', geneva, sans-serif;\"><strong>Clique <a href=\"http:\/\/www.mcjb.org.br\/institucional\/institucional\/condominios-e-associados-mantenedores-do-movimento-comunitario-do-jardim-botanico\/\" target=\"_blank\" rel=\"noopener\">aqui<\/a><\/strong> e confira se seu condom\u00ednio \u00e9 associado ao <strong><em>Movimento Comunit\u00e1rio do Jardim Bot\u00e2nico<\/em><\/strong><\/div><\/div><\/span><\/p>\n","protected":false},"featured_media":0,"comment_status":"closed","ping_status":"closed","template":"","meta":{"_exactmetrics_skip_tracking":false,"_exactmetrics_sitenote_active":false,"_exactmetrics_sitenote_note":"","_exactmetrics_sitenote_category":0,"jetpack_publicize_message":"","jetpack_publicize_feature_enabled":true,"jetpack_social_post_already_shared":true,"jetpack_social_options":{"image_generator_settings":{"template":"highway","default_image_id":0,"font":"","enabled":false},"version":2}},"class_list":["post-5337","product","type-product","status-publish","hentry","product_cat-coaching","product_tag-coaching","product_tag-jb-educacional"],"jetpack_publicize_connections":[],"_links":{"self":[{"href":"https:\/\/www.mcjb.org.br\/portal\/wp-json\/wp\/v2\/product\/5337","targetHints":{"allow":["GET"]}}],"collection":[{"href":"https:\/\/www.mcjb.org.br\/portal\/wp-json\/wp\/v2\/product"}],"about":[{"href":"https:\/\/www.mcjb.org.br\/portal\/wp-json\/wp\/v2\/types\/product"}],"replies":[{"embeddable":true,"href":"https:\/\/www.mcjb.org.br\/portal\/wp-json\/wp\/v2\/comments?post=5337"}],"wp:attachment":[{"href":"https:\/\/www.mcjb.org.br\/portal\/wp-json\/wp\/v2\/media?parent=5337"}],"curies":[{"name":"wp","href":"https:\/\/api.w.org\/{rel}","templated":true}]}}