{"id":5988,"date":"2019-05-02T19:55:28","date_gmt":"2019-05-02T19:55:28","guid":{"rendered":"http:\/\/www.mcjb.org.br\/portal\/?page_id=5988"},"modified":"2020-02-26T19:48:29","modified_gmt":"2020-02-26T19:48:29","slug":"workshopjb","status":"publish","type":"page","link":"https:\/\/www.mcjb.org.br\/portal\/workshopjb\/","title":{"rendered":"3\u00ba Workshop da Regulariza\u00e7\u00e3o e Urbaniza\u00e7\u00e3o do Jardim Bot\u00e2nico"},"content":{"rendered":"<p>&nbsp;<\/p>\n<p style=\"text-align: center;\"><span style=\"font-family: 'trebuchet ms', geneva, sans-serif; font-size: 24pt;\"><a href=\"http:\/\/www.mcjb.org.br\/portal\/wp-content\/uploads\/2020\/02\/E-mail-marketing-3o.-Workshop-de-Regulariza\u00e7\u00e3o-e-Urbaniza\u00e7\u00e3o-do-Jardim-Bot\u00e2nico-MCJB.jpg\"><img fetchpriority=\"high\" decoding=\"async\" class=\"alignnone size-full wp-image-7719\" src=\"http:\/\/www.mcjb.org.br\/portal\/wp-content\/uploads\/2020\/02\/E-mail-marketing-3o.-Workshop-de-Regulariza\u00e7\u00e3o-e-Urbaniza\u00e7\u00e3o-do-Jardim-Bot\u00e2nico-MCJB.jpg\" alt=\"\" width=\"1000\" height=\"500\" srcset=\"https:\/\/www.mcjb.org.br\/portal\/wp-content\/uploads\/2020\/02\/E-mail-marketing-3o.-Workshop-de-Regulariza\u00e7\u00e3o-e-Urbaniza\u00e7\u00e3o-do-Jardim-Bot\u00e2nico-MCJB.jpg 1000w, https:\/\/www.mcjb.org.br\/portal\/wp-content\/uploads\/2020\/02\/E-mail-marketing-3o.-Workshop-de-Regulariza\u00e7\u00e3o-e-Urbaniza\u00e7\u00e3o-do-Jardim-Bot\u00e2nico-MCJB-300x150.jpg 300w, https:\/\/www.mcjb.org.br\/portal\/wp-content\/uploads\/2020\/02\/E-mail-marketing-3o.-Workshop-de-Regulariza\u00e7\u00e3o-e-Urbaniza\u00e7\u00e3o-do-Jardim-Bot\u00e2nico-MCJB-768x384.jpg 768w, https:\/\/www.mcjb.org.br\/portal\/wp-content\/uploads\/2020\/02\/E-mail-marketing-3o.-Workshop-de-Regulariza\u00e7\u00e3o-e-Urbaniza\u00e7\u00e3o-do-Jardim-Bot\u00e2nico-MCJB-260x130.jpg 260w, https:\/\/www.mcjb.org.br\/portal\/wp-content\/uploads\/2020\/02\/E-mail-marketing-3o.-Workshop-de-Regulariza\u00e7\u00e3o-e-Urbaniza\u00e7\u00e3o-do-Jardim-Bot\u00e2nico-MCJB-50x25.jpg 50w, https:\/\/www.mcjb.org.br\/portal\/wp-content\/uploads\/2020\/02\/E-mail-marketing-3o.-Workshop-de-Regulariza\u00e7\u00e3o-e-Urbaniza\u00e7\u00e3o-do-Jardim-Bot\u00e2nico-MCJB-150x75.jpg 150w, https:\/\/www.mcjb.org.br\/portal\/wp-content\/uploads\/2020\/02\/E-mail-marketing-3o.-Workshop-de-Regulariza\u00e7\u00e3o-e-Urbaniza\u00e7\u00e3o-do-Jardim-Bot\u00e2nico-MCJB-600x300.jpg 600w\" sizes=\"(max-width: 1000px) 100vw, 1000px\" \/><\/a><br \/>\n<\/span><span style=\"font-family: 'trebuchet ms', geneva, sans-serif; font-size: 18pt;\">Centro de Pr\u00e1ticas Sustent\u00e1veis &#8211; CPS &#8211; Jardins Mangueiral &#8211; Bras\u00edlia-DF<\/span><\/p>\n<p style=\"text-align: justify;\"><span style=\"font-family: 'trebuchet ms', geneva, sans-serif; font-size: 14pt;\"><div class=\"su-box su-box-style-default\" id=\"\" style=\"border-color:#002f00;border-radius:3px;\"><div class=\"su-box-title\" style=\"background-color:#2a622e;color:#FFFFFF;border-top-left-radius:1px;border-top-right-radius:1px\">Inscri\u00e7\u00f5es para a Plen\u00e1ria e Debates - 3\u00ba Workshop de Regulariza\u00e7\u00e3o e Urbaniza\u00e7\u00e3o - 2020<\/div><div class=\"su-box-content su-u-clearfix su-u-trim\" style=\"border-bottom-left-radius:1px;border-bottom-right-radius:1px\"><\/span><br \/>\n<span style=\"font-family: 'trebuchet ms', geneva, sans-serif; font-size: 14pt;\"> <div class=\"su-button-center\"><a href=\"https:\/\/forms.gle\/e4TVxvzGvNpfQx6z9\" class=\"su-button su-button-style-default\" style=\"color:#ffffff;background-color:#2a622e;border-color:#224f25;border-radius:7px\" target=\"_blank\" rel=\"noopener noreferrer\"><span style=\"color:#ffffff;padding:7px 20px;font-size:16px;line-height:24px;border-color:#6a926d;border-radius:7px;text-shadow:0px 0px 0px #ffffff\"><i class=\"sui sui-file-text\" style=\"font-size:16px;color:#ffffff\"><\/i> Clique Aqui para Inscri\u00e7\u00e3o de Pessoa F\u00edsica<\/span><\/a><\/div><\/span><\/p>\n<p style=\"text-align: justify;\"><span style=\"font-family: 'trebuchet ms', geneva, sans-serif; font-size: 14pt;\"><div class=\"su-button-center\"><a href=\"https:\/\/forms.gle\/9mssGJqiWMZfL9LE8\" class=\"su-button su-button-style-default\" style=\"color:#ffffff;background-color:#2a622e;border-color:#224f25;border-radius:7px\" target=\"_blank\" rel=\"noopener noreferrer\"><span style=\"color:#ffffff;padding:7px 20px;font-size:16px;line-height:24px;border-color:#6a926d;border-radius:7px;text-shadow:0px 0px 0px #ffffff\"><i class=\"sui sui-file-text\" style=\"font-size:16px;color:#ffffff\"><\/i> Clique Aqui para Inscri\u00e7\u00e3o de Condom\u00ednios<\/span><\/a><\/div><\/div><\/div><\/span><\/p>\n<p style=\"text-align: center;\"><strong><span style=\"text-decoration: underline;\"><span style=\"font-family: 'trebuchet ms', geneva, sans-serif; font-size: 18pt;\">VAMOS PENSAR JUNTOS O JARDIM BOT\u00c2NICO?<\/span><\/span><\/strong><\/p>\n<p style=\"text-align: justify;\"><span style=\"font-family: 'trebuchet ms', geneva, sans-serif; font-size: 14pt;\"><div class=\"su-note\"  style=\"border-color:#104814;border-radius:5px;-moz-border-radius:5px;-webkit-border-radius:5px;\"><div class=\"su-note-inner su-u-clearfix su-u-trim\" style=\"background-color:#2a622e;border-color:#f6fffa;color:#ffffff;border-radius:5px;-moz-border-radius:5px;-webkit-border-radius:5px;\"><\/span><span style=\"font-family: 'trebuchet ms', geneva, sans-serif; font-size: 14pt;\">Debates, esclarecimentos, orienta\u00e7\u00f5es, palestras e participa\u00e7\u00e3o comunit\u00e1ria nos processos de regulariza\u00e7\u00e3o e urbaniza\u00e7\u00e3o. Participe destes dois Workshops que v\u00e3o revolucionar nossa regi\u00e3o. A iniciativa \u00e9 uma a\u00e7\u00e3o conjunta do Movimento Comunit\u00e1rio do Jardim Bot\u00e2nico e da Administra\u00e7\u00e3o Regional do Jardim Bot\u00e2nico.<\/div><\/div><\/span><\/p>\n<p style=\"text-align: center;\"><span style=\"text-decoration: underline; font-size: 18pt;\"><strong><span style=\"font-family: 'trebuchet ms', geneva, sans-serif;\">PROGRAMA\u00c7\u00c3O<\/span><\/strong><\/span><\/p>\n<p><span style=\"font-family: 'trebuchet ms', geneva, sans-serif; font-size: 14pt;\"><div class=\"su-note\"  style=\"border-color:#104814;border-radius:5px;-moz-border-radius:5px;-webkit-border-radius:5px;\"><div class=\"su-note-inner su-u-clearfix su-u-trim\" style=\"background-color:#2a622e;border-color:#f6fffa;color:#ffffff;border-radius:5px;-moz-border-radius:5px;-webkit-border-radius:5px;\">EM BREVE, AGUARDE!<\/span><span style=\"font-family: 'trebuchet ms', geneva, sans-serif; font-size: 14pt;\"><\/div><\/div><\/span><\/p>\n<p style=\"text-align: center;\"><span style=\"font-family: 'trebuchet ms', geneva, sans-serif; font-size: 14pt;\"><br \/>\n<span style=\"font-size: 24px;\"><b><u>SAIBA MAIS<br \/>\n<\/u><\/b><\/span><\/span><span style=\"font-family: 'trebuchet ms', geneva, sans-serif; font-size: 14pt;\"><b><u> <\/u><\/b><br \/>\n<\/span><span style=\"font-family: 'trebuchet ms', geneva, sans-serif;\"><div class=\"su-note\"  style=\"border-color:#000067;border-radius:5px;-moz-border-radius:5px;-webkit-border-radius:5px;\"><div class=\"su-note-inner su-u-clearfix su-u-trim\" style=\"background-color:#0c0c81;border-color:#d8d8ff;color:#ffffff;border-radius:5px;-moz-border-radius:5px;-webkit-border-radius:5px;\">\u00a03\u00ba Workshop de Regulariza\u00e7\u00e3o e Urbaniza\u00e7\u00e3o do Jardim Bot\u00e2nico &#8211; 15h00 \u00e0s 21h00<\/span><\/p>\n<p><span style=\"font-family: 'trebuchet ms', geneva, sans-serif;\">Nos dias 22 (segunda) e 23 (ter\u00e7a) de junho de 2020 ser\u00e1 realizado o 3\u00ba Workshop de Regulariza\u00e7\u00e3o e Urbaniza\u00e7\u00e3o do Jardim Bot\u00e2nico, voltado para os condom\u00ednios e empresas da cidade do Jardim Bot\u00e2nico, principalmente os condom\u00ednios que est\u00e3o em processo de regulariza\u00e7\u00e3o. A proposta \u00e9 aprimorar o n\u00edvel de informa\u00e7\u00e3o dos empres\u00e1rios, s\u00edndicos e comiss\u00f5es de regulariza\u00e7\u00e3o da regi\u00e3o, estreitar la\u00e7os institucionais com os atuais servidores t\u00e9cnicos respons\u00e1veis pelos processos de regulariza\u00e7\u00e3o e urbaniza\u00e7\u00e3o do GDF, debater alternativas e propor solu\u00e7\u00f5es que aumentem a celeridade nos processos de regulariza\u00e7\u00e3o e organizem as demandas de urbaniza\u00e7\u00e3o.<\/span><\/p>\n<p style=\"text-align: justify;\"><span style=\"font-family: 'trebuchet ms', geneva, sans-serif;\">Como ferramentas de aux\u00edlio nesse processo de esclarecimento, h\u00e1 proposi\u00e7\u00f5es para a cria\u00e7\u00e3o de canal de comunica\u00e7\u00e3o entre o poder p\u00fablico e os condom\u00ednios, atrav\u00e9s do MCJB, e uma cartilha de regulariza\u00e7\u00e3o, com os passos necess\u00e1rios para se regularizar um condom\u00ednio. Outro importante tema que ser\u00e1 debatido \u00e9 o PDOT &#8211; Plano Diretor de Ordenamento Territorial \u2013 PDOT, de reedi\u00e7\u00e3o prevista para este ano. Um ponto essencial de inclus\u00e3o refere-se \u00e0s \u00e1reas consolidadas que est\u00e3o fora das ARINES (\u00c1reas Regulariz\u00e1veis).<\/span><\/p>\n<p style=\"text-align: justify;\"><span style=\"font-family: 'trebuchet ms', geneva, sans-serif;\">Ser\u00e1 tamb\u00e9m uma oportunidade para a comunidade do Jardim Bot\u00e2nico analisar e catalogar as prioridades de urbaniza\u00e7\u00e3o do bairro, principalmente no campo da educa\u00e7\u00e3o, sa\u00fade, seguran\u00e7a, mobilidade, a\u00e7\u00f5es ambientais e de sustentabilidade. Tamb\u00e9m ser\u00e1 poss\u00edvel debater a conjuntura de novos setores habitacionais e \u00e1reas propostas para o Jardim Bot\u00e2nico e regi\u00f5es vizinhas, analisando os impactos urbanos e sociais. Outro importante objetivo deste evento \u00e9 o debate e encaminhamento do planejamento comunit\u00e1rio para o Plano Plurianual do Jardim Bot\u00e2nico &#8211; PPA 2019 &#8211; 2023, catalogando e priorizando as demandas comunit\u00e1rias da RA-XXVII.<\/span><\/p>\n<p style=\"text-align: justify;\"><span style=\"font-family: 'trebuchet ms', geneva, sans-serif;\">\u00a0<\/div><\/div><\/span><\/p>\n<p><span style=\"font-family: 'trebuchet ms', geneva, sans-serif;\"><div class=\"su-box su-box-style-default\" id=\"\" style=\"border-color:#006100;border-radius:3px;\"><div class=\"su-box-title\" style=\"background-color:#1c942a;color:#FFFFFF;border-top-left-radius:1px;border-top-right-radius:1px\">Inscri\u00e7\u00f5es para a Plen\u00e1ria e Debates - 3\u00ba Workshop de Regulariza\u00e7\u00e3o e Urbaniza\u00e7\u00e3o do Jardim Bot\u00e2nico - 2020<\/div><div class=\"su-box-content su-u-clearfix su-u-trim\" style=\"border-bottom-left-radius:1px;border-bottom-right-radius:1px\"><\/span><br \/>\n<span style=\"font-family: 'trebuchet ms', geneva, sans-serif;\"><div class=\"su-button-center\"><a href=\"https:\/\/forms.gle\/e4TVxvzGvNpfQx6z9\" class=\"su-button su-button-style-default\" style=\"color:#ffffff;background-color:#1c942a;border-color:#177722;border-radius:7px\" target=\"_blank\" rel=\"noopener noreferrer\"><span style=\"color:#ffffff;padding:7px 20px;font-size:16px;line-height:24px;border-color:#61b56a;border-radius:7px;text-shadow:0px 0px 0px #ffffff\"><i class=\"sui sui-file-text\" style=\"font-size:16px;color:#ffffff\"><\/i> Clique Aqui para Inscri\u00e7\u00e3o de Pessoa F\u00edsica<\/span><\/a><\/div><\/span><\/p>\n<p><span style=\"font-family: 'trebuchet ms', geneva, sans-serif;\"><div class=\"su-button-center\"><a href=\"https:\/\/forms.gle\/9mssGJqiWMZfL9LE8\" class=\"su-button su-button-style-default\" style=\"color:#ffffff;background-color:#1c942a;border-color:#177722;border-radius:7px\" target=\"_blank\" rel=\"noopener noreferrer\"><span style=\"color:#ffffff;padding:7px 20px;font-size:16px;line-height:24px;border-color:#61b56a;border-radius:7px;text-shadow:0px 0px 0px #ffffff\"><i class=\"sui sui-file-text\" style=\"font-size:16px;color:#ffffff\"><\/i> Clique Aqui para Inscri\u00e7\u00e3o de Condom\u00ednios<\/span><\/a><\/div><\/div><\/div><\/span><\/p>\n<p>&nbsp;<\/p>\n<p><span style=\"font-family: 'trebuchet ms', geneva, sans-serif; font-size: 18pt;\"><strong><span style=\"text-decoration: underline;\">REALIZA\u00c7\u00c3O<\/span><\/strong>:<br \/>\n<\/span><span style=\"font-family: 'trebuchet ms', geneva, sans-serif; font-size: 18pt;\"><a href=\"http:\/\/www.admjardimbotanico.df.gov.br\/\" target=\"_blank\" rel=\"noopener\"><img decoding=\"async\" class=\"alignnone wp-image-6052\" src=\"http:\/\/www.mcjb.org.br\/portal\/wp-content\/uploads\/2019\/05\/Logo_AdmJB_2019-1024x208.png\" alt=\"\" width=\"478\" height=\"97\" \/><\/a>\u00a0 \u00a0 \u00a0 \u00a0 \u00a0 \u00a0 \u00a0 \u00a0 \u00a0 \u00a0\u00a0<a href=\"www.mcjb.org.br\" target=\"_blank\" rel=\"noopener\"><img decoding=\"async\" class=\"alignnone wp-image-5384 size-thumbnail\" src=\"http:\/\/www.mcjb.org.br\/portal\/wp-content\/uploads\/2018\/10\/mcjblogo-150x150.png\" alt=\"\" width=\"150\" height=\"150\" srcset=\"https:\/\/www.mcjb.org.br\/portal\/wp-content\/uploads\/2018\/10\/mcjblogo-150x150.png 150w, https:\/\/www.mcjb.org.br\/portal\/wp-content\/uploads\/2018\/10\/mcjblogo-300x300.png 300w, https:\/\/www.mcjb.org.br\/portal\/wp-content\/uploads\/2018\/10\/mcjblogo-146x146.png 146w, https:\/\/www.mcjb.org.br\/portal\/wp-content\/uploads\/2018\/10\/mcjblogo-50x50.png 50w, https:\/\/www.mcjb.org.br\/portal\/wp-content\/uploads\/2018\/10\/mcjblogo-75x75.png 75w, https:\/\/www.mcjb.org.br\/portal\/wp-content\/uploads\/2018\/10\/mcjblogo-85x85.png 85w, https:\/\/www.mcjb.org.br\/portal\/wp-content\/uploads\/2018\/10\/mcjblogo-80x80.png 80w, https:\/\/www.mcjb.org.br\/portal\/wp-content\/uploads\/2018\/10\/mcjblogo-100x100.png 100w, https:\/\/www.mcjb.org.br\/portal\/wp-content\/uploads\/2018\/10\/mcjblogo.png 452w\" sizes=\"(max-width: 150px) 100vw, 150px\" \/><\/a><\/span><\/p>\n<p><span style=\"font-family: 'trebuchet ms', geneva, sans-serif; font-size: 18pt;\"><strong><span style=\"text-decoration: underline;\">PATROC\u00cdNIO<\/span><\/strong>:<\/span><\/p>\n<p><a href=\"http:\/\/www.geologicadf.com.br\"><img loading=\"lazy\" decoding=\"async\" class=\"alignnone wp-image-6051 \" src=\"http:\/\/www.mcjb.org.br\/portal\/wp-content\/uploads\/2019\/05\/PNG-Geo-Logica-Horizontal-var.-1-FUNDO-TRANSPARENTE.png\" alt=\"\" width=\"416\" height=\"117\" \/><\/a><\/p>\n<p><span style=\"color: #ffffff;\">___<\/span><\/p>\n","protected":false},"excerpt":{"rendered":"<p>&nbsp; Centro de Pr\u00e1ticas Sustent\u00e1veis &#8211; CPS &#8211; Jardins Mangueiral &#8211; Bras\u00edlia-DF VAMOS PENSAR JUNTOS O JARDIM BOT\u00c2NICO? PROGRAMA\u00c7\u00c3O SAIBA MAIS &nbsp; REALIZA\u00c7\u00c3O: \u00a0 \u00a0 \u00a0<span class=\"excerpt-hellip\"> [\u2026]<\/span><\/p>\n","protected":false},"author":1,"featured_media":0,"parent":0,"menu_order":0,"comment_status":"closed","ping_status":"closed","template":"","meta":{"_exactmetrics_skip_tracking":false,"_exactmetrics_sitenote_active":false,"_exactmetrics_sitenote_note":"","_exactmetrics_sitenote_category":0,"footnotes":""},"class_list":["post-5988","page","type-page","status-publish","hentry"],"_links":{"self":[{"href":"https:\/\/www.mcjb.org.br\/portal\/wp-json\/wp\/v2\/pages\/5988","targetHints":{"allow":["GET"]}}],"collection":[{"href":"https:\/\/www.mcjb.org.br\/portal\/wp-json\/wp\/v2\/pages"}],"about":[{"href":"https:\/\/www.mcjb.org.br\/portal\/wp-json\/wp\/v2\/types\/page"}],"author":[{"embeddable":true,"href":"https:\/\/www.mcjb.org.br\/portal\/wp-json\/wp\/v2\/users\/1"}],"replies":[{"embeddable":true,"href":"https:\/\/www.mcjb.org.br\/portal\/wp-json\/wp\/v2\/comments?post=5988"}],"version-history":[{"count":22,"href":"https:\/\/www.mcjb.org.br\/portal\/wp-json\/wp\/v2\/pages\/5988\/revisions"}],"predecessor-version":[{"id":7720,"href":"https:\/\/www.mcjb.org.br\/portal\/wp-json\/wp\/v2\/pages\/5988\/revisions\/7720"}],"wp:attachment":[{"href":"https:\/\/www.mcjb.org.br\/portal\/wp-json\/wp\/v2\/media?parent=5988"}],"curies":[{"name":"wp","href":"https:\/\/api.w.org\/{rel}","templated":true}]}}