{"id":5583,"date":"2018-12-22T13:12:45","date_gmt":"2018-12-22T13:12:45","guid":{"rendered":"http:\/\/www.mcjb.org.br\/portal\/?page_id=5583"},"modified":"2018-12-22T13:25:45","modified_gmt":"2018-12-22T13:25:45","slug":"relatorio-de-atividades-2018-movimento-comunitario-do-jardim-botanico","status":"publish","type":"page","link":"https:\/\/www.mcjb.org.br\/portal\/relatorio-de-atividades-2018-movimento-comunitario-do-jardim-botanico\/","title":{"rendered":"Relat\u00f3rio de Atividades &#8211; 2018 &#8211; Movimento Comunit\u00e1rio do Jardim Bot\u00e2nico"},"content":{"rendered":"<div class=\"su-note\"  style=\"border-color:#104814;border-radius:5px;-moz-border-radius:5px;-webkit-border-radius:5px;\"><div class=\"su-note-inner su-u-clearfix su-u-trim\" style=\"background-color:#2a622e;border-color:#f6fffa;color:#FFFFFF;border-radius:5px;-moz-border-radius:5px;-webkit-border-radius:5px;\">Relat\u00f3rio em formato de caderno, passe as p\u00e1ginas nos bot\u00f5es de navega\u00e7\u00e3o abaixo.<\/div><\/div>\n<p><iframe class=\"wp-embedded-content\" sandbox=\"allow-scripts\" security=\"restricted\" src=\"https:\/\/www.canva.com\/design\/DADKGRInT1A\/view?embed&#038;meta#?secret=FdK2ZszFwB\" data-secret=\"FdK2ZszFwB\" height=\"1000\" width=\"675\"><\/iframe><\/p>\n","protected":false},"excerpt":{"rendered":"","protected":false},"author":1,"featured_media":0,"parent":0,"menu_order":0,"comment_status":"closed","ping_status":"closed","template":"","meta":{"_exactmetrics_skip_tracking":false,"_exactmetrics_sitenote_active":false,"_exactmetrics_sitenote_note":"","_exactmetrics_sitenote_category":0,"footnotes":""},"class_list":["post-5583","page","type-page","status-publish","hentry"],"_links":{"self":[{"href":"https:\/\/www.mcjb.org.br\/portal\/wp-json\/wp\/v2\/pages\/5583","targetHints":{"allow":["GET"]}}],"collection":[{"href":"https:\/\/www.mcjb.org.br\/portal\/wp-json\/wp\/v2\/pages"}],"about":[{"href":"https:\/\/www.mcjb.org.br\/portal\/wp-json\/wp\/v2\/types\/page"}],"author":[{"embeddable":true,"href":"https:\/\/www.mcjb.org.br\/portal\/wp-json\/wp\/v2\/users\/1"}],"replies":[{"embeddable":true,"href":"https:\/\/www.mcjb.org.br\/portal\/wp-json\/wp\/v2\/comments?post=5583"}],"version-history":[{"count":4,"href":"https:\/\/www.mcjb.org.br\/portal\/wp-json\/wp\/v2\/pages\/5583\/revisions"}],"predecessor-version":[{"id":5587,"href":"https:\/\/www.mcjb.org.br\/portal\/wp-json\/wp\/v2\/pages\/5583\/revisions\/5587"}],"wp:attachment":[{"href":"https:\/\/www.mcjb.org.br\/portal\/wp-json\/wp\/v2\/media?parent=5583"}],"curies":[{"name":"wp","href":"https:\/\/api.w.org\/{rel}","templated":true}]}}