{"id":5332,"date":"2018-10-17T13:10:12","date_gmt":"2018-10-17T13:10:12","guid":{"rendered":"http:\/\/www.mcjb.org.br\/portal\/?page_id=5332"},"modified":"2018-11-22T10:45:25","modified_gmt":"2018-11-22T10:45:25","slug":"maxx","status":"publish","type":"page","link":"https:\/\/www.mcjb.org.br\/portal\/maxx\/","title":{"rendered":"Maxx Produtividade"},"content":{"rendered":"<p style=\"text-align: center;\"><a href=\"http:\/\/www.mcjb.org.br\/institucional\/wp-content\/uploads\/2018\/10\/logo_maxxx-01.png\"><img fetchpriority=\"high\" decoding=\"async\" class=\"size-medium wp-image-4760 aligncenter\" src=\"http:\/\/www.mcjb.org.br\/institucional\/wp-content\/uploads\/2018\/10\/logo_maxxx-01-300x300.png\" alt=\"\" width=\"300\" height=\"300\" \/><span style=\"font-size: 24pt;\"><span style=\"font-family: 'trebuchet ms', geneva, sans-serif;\"><div class=\"su-button-center\"><a href=\"http:\/\/www.mcjb.org.br\/portal\/maxx\/inscricoes\/\" class=\"su-button su-button-style-default\" style=\"color:#ffffff;background-color:#7a316e;border-color:#622858;border-radius:10px\" target=\"_blank\" rel=\"noopener noreferrer\"><span style=\"color:#ffffff;padding:8px 26px;font-size:20px;line-height:30px;border-color:#a26f9a;border-radius:10px;text-shadow:none\"><i class=\"sui sui-arrow-right\" style=\"font-size:20px;color:#ffffff\"><\/i> QUERO ME INSCREVER!<\/span><\/a><\/div><\/span><\/a><\/p>\n<p style=\"text-align: justify;\"><span style=\"font-size: 14pt; font-family: 'trebuchet ms', geneva, sans-serif;\"><div class=\"su-box su-box-style-default\" id=\"\" style=\"border-color:#55004f;border-radius:3px;\"><div class=\"su-box-title\" style=\"background-color:#881882;color:#FFFFFF;border-top-left-radius:1px;border-top-right-radius:1px\">Sobre o Maxx!<\/div><div class=\"su-box-content su-u-clearfix su-u-trim\" style=\"border-bottom-left-radius:1px;border-bottom-right-radius:1px\">\n<\/span><span style=\"font-family: 'trebuchet ms', geneva, sans-serif; font-size: 14pt;\">Seja no trabalho, nos estudos, para usufruir melhor do tempo livre ou para alcan\u00e7ar objetivos espec\u00edficos, a produtividade \u00e9 um fundamental! Diversas dimens\u00f5es podem ser trabalhadas para que sejamos mais produtivos no nosso dia a dia.<\/span><\/p>\n<p style=\"text-align: justify;\"><span style=\"font-family: 'trebuchet ms', geneva, sans-serif; font-size: 14pt;\">Por isso, a O\u00e1sis Vita, em parceria com o <strong><em>Movimento Comunit\u00e1rio do Jardim Bot\u00e2nico<\/em><\/strong>, realizar\u00e3o o Maxx! \u2013 Workshop de Produtividade. O objetivo do projeto \u00e9 promover conhecimento especializado \u2013 te\u00f3rico e pr\u00e1tico \u2013 sobre produtividade, particularmente sobre as dimens\u00f5es de supera\u00e7\u00e3o da procrastina\u00e7\u00e3o, equil\u00edbrio e disposi\u00e7\u00e3o, em uma abordagem multidisciplinar!<\/span><a href=\"http:\/\/www.mcjb.org.br\/portal\/wp-content\/uploads\/2018\/10\/Procrastina\u00e7\u00e3o.jpg\"><img decoding=\"async\" class=\"aligncenter wp-image-5344 size-medium\" src=\"http:\/\/www.mcjb.org.br\/portal\/wp-content\/uploads\/2018\/10\/Procrastina\u00e7\u00e3o-300x300.jpg\" alt=\"\" width=\"300\" height=\"300\" srcset=\"https:\/\/www.mcjb.org.br\/portal\/wp-content\/uploads\/2018\/10\/Procrastina\u00e7\u00e3o-300x300.jpg 300w, https:\/\/www.mcjb.org.br\/portal\/wp-content\/uploads\/2018\/10\/Procrastina\u00e7\u00e3o-150x150.jpg 150w, https:\/\/www.mcjb.org.br\/portal\/wp-content\/uploads\/2018\/10\/Procrastina\u00e7\u00e3o-768x766.jpg 768w, https:\/\/www.mcjb.org.br\/portal\/wp-content\/uploads\/2018\/10\/Procrastina\u00e7\u00e3o-1024x1021.jpg 1024w, https:\/\/www.mcjb.org.br\/portal\/wp-content\/uploads\/2018\/10\/Procrastina\u00e7\u00e3o-146x146.jpg 146w, https:\/\/www.mcjb.org.br\/portal\/wp-content\/uploads\/2018\/10\/Procrastina\u00e7\u00e3o-50x50.jpg 50w, https:\/\/www.mcjb.org.br\/portal\/wp-content\/uploads\/2018\/10\/Procrastina\u00e7\u00e3o-75x75.jpg 75w, https:\/\/www.mcjb.org.br\/portal\/wp-content\/uploads\/2018\/10\/Procrastina\u00e7\u00e3o-85x85.jpg 85w, https:\/\/www.mcjb.org.br\/portal\/wp-content\/uploads\/2018\/10\/Procrastina\u00e7\u00e3o-80x80.jpg 80w, https:\/\/www.mcjb.org.br\/portal\/wp-content\/uploads\/2018\/10\/Procrastina\u00e7\u00e3o-600x598.jpg 600w, https:\/\/www.mcjb.org.br\/portal\/wp-content\/uploads\/2018\/10\/Procrastina\u00e7\u00e3o-100x100.jpg 100w, https:\/\/www.mcjb.org.br\/portal\/wp-content\/uploads\/2018\/10\/Procrastina\u00e7\u00e3o.jpg 1446w\" sizes=\"(max-width: 300px) 100vw, 300px\" \/><\/a><span style=\"font-family: 'trebuchet ms', geneva, sans-serif; font-size: 14pt;\">Profissionais das \u00e1reas de coaching e sa\u00fade trabalhar\u00e3o o tema da produtividade baseados em quatro fundamentos: foco, planejamento, organiza\u00e7\u00e3o e sa\u00fade, com especial aten\u00e7\u00e3o \u00e0 produtividade no trabalho, nos estudos, no tempo livre e na busca por objetivos espec\u00edficos.<\/span><\/p>\n<p style=\"text-align: justify;\"><span style=\"font-size: 14pt; font-family: 'trebuchet ms', geneva, sans-serif;\">Vai ser uma experi\u00eancia de imers\u00e3o impactante em ideias e proposi\u00e7\u00f5es pr\u00e1ticas para que voc\u00ea tenha ferramentas e conhecimento suficiente para ser mais produtivo imediatamente! Venha participar!<\/div><\/div><\/span><\/p>\n<p><span style=\"font-family: 'trebuchet ms', geneva, sans-serif; font-size: 14pt;\"><div class=\"su-note\"  style=\"border-color:#880aa5;border-radius:1px;-moz-border-radius:1px;-webkit-border-radius:1px;\"><div class=\"su-note-inner su-u-clearfix su-u-trim\" style=\"background-color:#a224bf;border-color:#fff0ff;color:#ffff;border-radius:1px;-moz-border-radius:1px;-webkit-border-radius:1px;\">\n<span style=\"font-size: 12pt;\">&#8211;\u00a0<span style=\"text-decoration: underline;\"><strong>Data<\/strong><\/span>: 08\/12\/2018 &#8211; 08h00 \u2013 12h00<\/span><\/span><\/p>\n<p><span style=\"font-family: 'trebuchet ms', geneva, sans-serif; font-size: 12pt;\"><strong>&#8211; <span style=\"text-decoration: underline;\">Local<\/span><\/strong>:\u00a0E<em>dif\u00edcio Platinum Office, Setor de Industrias Gr\u00e1ficas Lote 385 4\u00ba andar &#8211; Sala Audit\u00f3rio &#8211; Bras\u00edlia &#8211; DF<\/em><\/span><\/p>\n<p><span style=\"font-family: 'trebuchet ms', geneva, sans-serif; font-size: 12pt;\">&#8211; <strong><span style=\"text-decoration: underline;\">Inscri\u00e7\u00f5es<\/span><\/strong>: R$60,00\u00a0(associados do Movimento Comunit\u00e1rio do Jardim Bot\u00e2nico t\u00eam desconto de 8% na inscri\u00e7\u00e3o)<\/span><\/p>\n<p><span style=\"font-family: 'trebuchet ms', geneva, sans-serif; font-size: 14pt;\"><div class=\"su-button-center\"><a href=\"http:\/\/www.mcjb.org.br\/portal\/maxx\/inscricoes\/\" class=\"su-button su-button-style-default\" style=\"color:#ffffff;background-color:#7a316e;border-color:#622858;border-radius:8px\" target=\"_blank\" rel=\"noopener noreferrer\"><span style=\"color:#ffffff;padding:7px 22px;font-size:17px;line-height:26px;border-color:#a26f9a;border-radius:8px;text-shadow:0px 0px 0px #ffffff\"><i class=\"sui sui-arrow-right\" style=\"font-size:17px;color:#ffffff\"><\/i> QUERO ME INSCREVER!<\/span><\/a><\/div><\/div><\/div><\/span><\/p>\n<p style=\"text-align: justify;\"><img decoding=\"async\" class=\"aligncenter wp-image-5464 size-full\" src=\"http:\/\/www.mcjb.org.br\/portal\/wp-content\/uploads\/2018\/11\/Maxx-E-folder1.jpg\" alt=\"\" width=\"800\" height=\"800\" \/><\/p>\n","protected":false},"excerpt":{"rendered":"","protected":false},"author":1,"featured_media":0,"parent":0,"menu_order":0,"comment_status":"closed","ping_status":"closed","template":"","meta":{"_exactmetrics_skip_tracking":false,"_exactmetrics_sitenote_active":false,"_exactmetrics_sitenote_note":"","_exactmetrics_sitenote_category":0,"footnotes":""},"class_list":["post-5332","page","type-page","status-publish","hentry"],"_links":{"self":[{"href":"https:\/\/www.mcjb.org.br\/portal\/wp-json\/wp\/v2\/pages\/5332","targetHints":{"allow":["GET"]}}],"collection":[{"href":"https:\/\/www.mcjb.org.br\/portal\/wp-json\/wp\/v2\/pages"}],"about":[{"href":"https:\/\/www.mcjb.org.br\/portal\/wp-json\/wp\/v2\/types\/page"}],"author":[{"embeddable":true,"href":"https:\/\/www.mcjb.org.br\/portal\/wp-json\/wp\/v2\/users\/1"}],"replies":[{"embeddable":true,"href":"https:\/\/www.mcjb.org.br\/portal\/wp-json\/wp\/v2\/comments?post=5332"}],"version-history":[{"count":14,"href":"https:\/\/www.mcjb.org.br\/portal\/wp-json\/wp\/v2\/pages\/5332\/revisions"}],"predecessor-version":[{"id":5466,"href":"https:\/\/www.mcjb.org.br\/portal\/wp-json\/wp\/v2\/pages\/5332\/revisions\/5466"}],"wp:attachment":[{"href":"https:\/\/www.mcjb.org.br\/portal\/wp-json\/wp\/v2\/media?parent=5332"}],"curies":[{"name":"wp","href":"https:\/\/api.w.org\/{rel}","templated":true}]}}