{"id":7256,"date":"2020-07-14T17:52:01","date_gmt":"2020-07-14T20:52:01","guid":{"rendered":"https:\/\/www.mcjb.org.br\/institucional\/?page_id=7256"},"modified":"2020-07-28T14:49:21","modified_gmt":"2020-07-28T17:49:21","slug":"saude-jb-teste-covid-19-e-vacinacao","status":"publish","type":"page","link":"https:\/\/www.mcjb.org.br\/institucional\/saude-jb-teste-covid-19-e-vacinacao\/","title":{"rendered":"Sa\u00fade JB &#8211; Teste Covid-19 e Vacina\u00e7\u00e3o"},"content":{"rendered":"\t\t<div data-elementor-type=\"wp-page\" data-elementor-id=\"7256\" class=\"elementor elementor-7256\" data-elementor-post-type=\"page\">\n\t\t\t\t\t\t<section class=\"elementor-section elementor-top-section elementor-element elementor-element-28ea75d elementor-section-full_width elementor-section-height-default elementor-section-height-default\" data-id=\"28ea75d\" data-element_type=\"section\">\n\t\t\t\t\t\t<div class=\"elementor-container elementor-column-gap-default\">\n\t\t\t\t\t<div class=\"elementor-column elementor-col-100 elementor-top-column elementor-element elementor-element-f42ce09\" data-id=\"f42ce09\" data-element_type=\"column\">\n\t\t\t<div class=\"elementor-widget-wrap elementor-element-populated\">\n\t\t\t\t\t\t<div class=\"elementor-element elementor-element-8da3dca elementor-widget elementor-widget-image\" data-id=\"8da3dca\" data-element_type=\"widget\" data-widget_type=\"image.default\">\n\t\t\t\t<div class=\"elementor-widget-container\">\n\t\t\t\t\t\t\t\t\t\t\t\t\t\t\t<img fetchpriority=\"high\" decoding=\"async\" width=\"1200\" height=\"300\" src=\"https:\/\/www.mcjb.org.br\/institucional\/wp-content\/uploads\/2020\/07\/teste-covid-e-vacina\u00e7\u00e3o-1.jpg\" class=\"attachment-1536x1536 size-1536x1536 wp-image-7239\" alt=\"\" srcset=\"https:\/\/www.mcjb.org.br\/institucional\/wp-content\/uploads\/2020\/07\/teste-covid-e-vacina\u00e7\u00e3o-1.jpg 1200w, https:\/\/www.mcjb.org.br\/institucional\/wp-content\/uploads\/2020\/07\/teste-covid-e-vacina\u00e7\u00e3o-1-300x75.jpg 300w, https:\/\/www.mcjb.org.br\/institucional\/wp-content\/uploads\/2020\/07\/teste-covid-e-vacina\u00e7\u00e3o-1-1024x256.jpg 1024w, https:\/\/www.mcjb.org.br\/institucional\/wp-content\/uploads\/2020\/07\/teste-covid-e-vacina\u00e7\u00e3o-1-768x192.jpg 768w, https:\/\/www.mcjb.org.br\/institucional\/wp-content\/uploads\/2020\/07\/teste-covid-e-vacina\u00e7\u00e3o-1-260x65.jpg 260w, https:\/\/www.mcjb.org.br\/institucional\/wp-content\/uploads\/2020\/07\/teste-covid-e-vacina\u00e7\u00e3o-1-50x13.jpg 50w, https:\/\/www.mcjb.org.br\/institucional\/wp-content\/uploads\/2020\/07\/teste-covid-e-vacina\u00e7\u00e3o-1-150x38.jpg 150w, https:\/\/www.mcjb.org.br\/institucional\/wp-content\/uploads\/2020\/07\/teste-covid-e-vacina\u00e7\u00e3o-1-600x150.jpg 600w\" sizes=\"(max-width: 1200px) 100vw, 1200px\" \/>\t\t\t\t\t\t\t\t\t\t\t\t\t\t\t<\/div>\n\t\t\t\t<\/div>\n\t\t\t\t\t<\/div>\n\t\t<\/div>\n\t\t\t\t\t<\/div>\n\t\t<\/section>\n\t\t\t\t<section class=\"elementor-section elementor-top-section elementor-element elementor-element-0083c73 elementor-section-boxed elementor-section-height-default elementor-section-height-default\" data-id=\"0083c73\" data-element_type=\"section\">\n\t\t\t\t\t\t<div class=\"elementor-container elementor-column-gap-default\">\n\t\t\t\t\t<div class=\"elementor-column elementor-col-100 elementor-top-column elementor-element elementor-element-6f58964\" data-id=\"6f58964\" data-element_type=\"column\">\n\t\t\t<div class=\"elementor-widget-wrap elementor-element-populated\">\n\t\t\t\t\t\t<div class=\"elementor-element elementor-element-65d08a1 elementor-widget elementor-widget-heading\" data-id=\"65d08a1\" data-element_type=\"widget\" data-widget_type=\"heading.default\">\n\t\t\t\t<div class=\"elementor-widget-container\">\n\t\t\t\t\t<h2 class=\"elementor-heading-title elementor-size-default\">Teste de Covid - Confira os valores<\/h2>\t\t\t\t<\/div>\n\t\t\t\t<\/div>\n\t\t\t\t\t<\/div>\n\t\t<\/div>\n\t\t\t\t\t<\/div>\n\t\t<\/section>\n\t\t\t\t<section class=\"elementor-section elementor-top-section elementor-element elementor-element-abfd0f4 elementor-section-boxed elementor-section-height-default elementor-section-height-default\" data-id=\"abfd0f4\" data-element_type=\"section\">\n\t\t\t\t\t\t<div class=\"elementor-container elementor-column-gap-default\">\n\t\t\t\t\t<div class=\"elementor-column elementor-col-100 elementor-top-column elementor-element elementor-element-3e5563e\" data-id=\"3e5563e\" data-element_type=\"column\">\n\t\t\t<div class=\"elementor-widget-wrap elementor-element-populated\">\n\t\t\t\t\t\t<div class=\"elementor-element elementor-element-46d8c3a elementor-widget elementor-widget-text-editor\" data-id=\"46d8c3a\" data-element_type=\"widget\" data-widget_type=\"text-editor.default\">\n\t\t\t\t<div class=\"elementor-widget-container\">\n\t\t\t\t\t\t\t\t\t<table style=\"border-collapse: collapse; width: 100%; height: 192px;\"><tbody><tr style=\"height: 120px;\"><td style=\"width: 25%; height: 120px;\"><span style=\"color: #008080;\">Tipo de Teste<\/span><\/td><td style=\"width: 25%; height: 120px;\"><span style=\"color: #008080;\">Valor Normal (N\u00e3o associado ao MCJB)<\/span><\/td><td style=\"width: 25%; height: 120px;\"><span style=\"color: #008080;\">Valor p\/ morador de condom\u00ednio associado ao MCJB (12% de desconto)<\/span><\/td><td style=\"width: 25%; height: 120px;\"><span style=\"color: #008080;\">Valor p\/ conveniados ao Sa\u00fadeJB<\/span><\/td><\/tr><tr style=\"height: 48px;\"><td style=\"width: 25%; height: 48px; text-align: left;\">Teste R\u00e1pido<\/td><td style=\"width: 25%; height: 48px;\"><strong>R$130,62<\/strong><\/td><td style=\"width: 25%; height: 48px;\"><strong>R$114,95<\/strong><\/td><td style=\"width: 25%; height: 48px;\"><strong>R$83,16<\/strong><\/td><\/tr><tr style=\"height: 24px;\"><td style=\"width: 25%; height: 24px; text-align: left;\">Sorol\u00f3gico 1 (Total)<\/td><td style=\"width: 25%; height: 24px;\"><strong>R$221,05<\/strong><\/td><td style=\"width: 25%; height: 24px;\"><strong>R$194,53<\/strong><\/td><td style=\"width: 25%; height: 24px;\"><strong>R$147,37<\/strong><\/td><\/tr><tr><td style=\"width: 25%; text-align: left;\">Sorol\u00f3gico 2 (IgG e IgM)<\/td><td style=\"width: 25%;\"><strong>R$281,34<\/strong><\/td><td style=\"width: 25%;\"><strong>R$247,58<\/strong><\/td><td style=\"width: 25%;\"><strong>R$189,47<\/strong><\/td><\/tr><\/tbody><\/table>\t\t\t\t\t\t\t\t<\/div>\n\t\t\t\t<\/div>\n\t\t\t\t<div class=\"elementor-element elementor-element-72504e8 elementor-widget elementor-widget-text-editor\" data-id=\"72504e8\" data-element_type=\"widget\" data-widget_type=\"text-editor.default\">\n\t\t\t\t<div class=\"elementor-widget-container\">\n\t\t\t\t\t\t\t\t\t<p><em style=\"font-variant-ligatures: normal; font-variant-caps: normal; font-weight: 400; font-size: 10.6667px; font-family: Roboto, sans-serif; color: #000000;\"><a href=\"https:\/\/www.mcjb.org.br\/institucional\/institucional\/condominios-e-associados-mantenedores-do-movimento-comunitario-do-jardim-botanico\/\" target=\"_blank\" rel=\"noopener\">Clique aqui<\/a>\u00a0para conferir se seu condom\u00ednio ou associa\u00e7\u00e3o \u00e9 associado ao Movimento Comunit\u00e1rio do Jardim Bot\u00e2nico e saber se tem direito ao desconto.<\/em><\/p>\t\t\t\t\t\t\t\t<\/div>\n\t\t\t\t<\/div>\n\t\t\t\t\t<\/div>\n\t\t<\/div>\n\t\t\t\t\t<\/div>\n\t\t<\/section>\n\t\t\t\t<section class=\"elementor-section elementor-top-section elementor-element elementor-element-1d34ce4 elementor-section-boxed elementor-section-height-default elementor-section-height-default\" data-id=\"1d34ce4\" data-element_type=\"section\">\n\t\t\t\t\t\t<div class=\"elementor-container elementor-column-gap-default\">\n\t\t\t\t\t<div class=\"elementor-column elementor-col-100 elementor-top-column elementor-element elementor-element-d345934\" data-id=\"d345934\" data-element_type=\"column\">\n\t\t\t<div class=\"elementor-widget-wrap elementor-element-populated\">\n\t\t\t\t\t\t<div class=\"elementor-element elementor-element-47ff011 elementor-align-center elementor-widget elementor-widget-button\" data-id=\"47ff011\" data-element_type=\"widget\" data-widget_type=\"button.default\">\n\t\t\t\t<div class=\"elementor-widget-container\">\n\t\t\t\t\t\t\t\t\t<div class=\"elementor-button-wrapper\">\n\t\t\t\t\t<a class=\"elementor-button elementor-button-link elementor-size-sm elementor-animation-grow\" href=\"https:\/\/www.mcjb.org.br\/institucional\/?post_type=product&#038;p=7368&#038;preview=true\">\n\t\t\t\t\t\t<span class=\"elementor-button-content-wrapper\">\n\t\t\t\t\t\t\t\t\t<span class=\"elementor-button-text\">QUERO FAZER O TESTE DE COVID<\/span>\n\t\t\t\t\t<\/span>\n\t\t\t\t\t<\/a>\n\t\t\t\t<\/div>\n\t\t\t\t\t\t\t\t<\/div>\n\t\t\t\t<\/div>\n\t\t\t\t\t<\/div>\n\t\t<\/div>\n\t\t\t\t\t<\/div>\n\t\t<\/section>\n\t\t\t\t<section class=\"elementor-section elementor-top-section elementor-element elementor-element-5e9c1a3 elementor-section-boxed elementor-section-height-default elementor-section-height-default\" data-id=\"5e9c1a3\" data-element_type=\"section\">\n\t\t\t\t\t\t<div class=\"elementor-container elementor-column-gap-default\">\n\t\t\t\t\t<div class=\"elementor-column elementor-col-100 elementor-top-column elementor-element elementor-element-a0003c9\" data-id=\"a0003c9\" data-element_type=\"column\">\n\t\t\t<div class=\"elementor-widget-wrap elementor-element-populated\">\n\t\t\t\t\t\t<div class=\"elementor-element elementor-element-de5a9a4 elementor-widget elementor-widget-heading\" data-id=\"de5a9a4\" data-element_type=\"widget\" data-widget_type=\"heading.default\">\n\t\t\t\t<div class=\"elementor-widget-container\">\n\t\t\t\t\t<h2 class=\"elementor-heading-title elementor-size-default\">Vacina\u00e7\u00e3o contra a gripe Influenza Tetravalente- Confira os valores<\/h2>\t\t\t\t<\/div>\n\t\t\t\t<\/div>\n\t\t\t\t\t<\/div>\n\t\t<\/div>\n\t\t\t\t\t<\/div>\n\t\t<\/section>\n\t\t\t\t<section class=\"elementor-section elementor-top-section elementor-element elementor-element-088af81 elementor-section-boxed elementor-section-height-default elementor-section-height-default\" data-id=\"088af81\" data-element_type=\"section\">\n\t\t\t\t\t\t<div class=\"elementor-container elementor-column-gap-default\">\n\t\t\t\t\t<div class=\"elementor-column elementor-col-100 elementor-top-column elementor-element elementor-element-e12be56\" data-id=\"e12be56\" data-element_type=\"column\">\n\t\t\t<div class=\"elementor-widget-wrap elementor-element-populated\">\n\t\t\t\t\t\t<div class=\"elementor-element elementor-element-b4d29ab elementor-widget elementor-widget-text-editor\" data-id=\"b4d29ab\" data-element_type=\"widget\" data-widget_type=\"text-editor.default\">\n\t\t\t\t<div class=\"elementor-widget-container\">\n\t\t\t\t\t\t\t\t\t<table style=\"border-collapse: collapse; width: 100%; height: 192px;\"><tbody><tr style=\"height: 120px;\"><td style=\"width: 25%; height: 120px;\">\u00a0<\/td><td style=\"width: 25%; height: 120px;\"><span style=\"color: #008080;\">Valor Normal (N\u00e3o associado ao MCJB)<\/span><\/td><td style=\"width: 25%; height: 120px;\"><span style=\"color: #008080;\">Valor p\/ morador de condom\u00ednio associado ao MCJB (12% de desconto)<\/span><\/td><td style=\"width: 25%; height: 120px;\"><span style=\"color: #008080;\">Valor p\/ conveniados ao Sa\u00fadeJB<\/span><\/td><\/tr><tr style=\"height: 48px;\"><td style=\"width: 25%; height: 48px; text-align: left;\">Vacina tetravalente contra a gripe influenza<\/td><td style=\"width: 25%; height: 48px;\"><strong>R$157,95<\/strong><\/td><td style=\"width: 25%; height: 48px;\"><strong>R$139,00<\/strong><\/td><td style=\"width: 25%; height: 48px;\"><strong>R$128,42<\/strong><\/td><\/tr><\/tbody><\/table>\t\t\t\t\t\t\t\t<\/div>\n\t\t\t\t<\/div>\n\t\t\t\t<div class=\"elementor-element elementor-element-47b6982 elementor-widget elementor-widget-text-editor\" data-id=\"47b6982\" data-element_type=\"widget\" data-widget_type=\"text-editor.default\">\n\t\t\t\t<div class=\"elementor-widget-container\">\n\t\t\t\t\t\t\t\t\t<p><em style=\"font-variant-ligatures: normal; font-variant-caps: normal; font-weight: 400; font-size: 10.6667px; font-family: Roboto, sans-serif; color: #000000;\"><a href=\"https:\/\/www.mcjb.org.br\/institucional\/institucional\/condominios-e-associados-mantenedores-do-movimento-comunitario-do-jardim-botanico\/\" target=\"_blank\" rel=\"noopener\">Clique aqui<\/a>\u00a0para conferir se seu condom\u00ednio ou associa\u00e7\u00e3o \u00e9 associado ao Movimento Comunit\u00e1rio do Jardim Bot\u00e2nico e saber se tem direito ao desconto.<\/em><\/p>\t\t\t\t\t\t\t\t<\/div>\n\t\t\t\t<\/div>\n\t\t\t\t\t<\/div>\n\t\t<\/div>\n\t\t\t\t\t<\/div>\n\t\t<\/section>\n\t\t\t\t<section class=\"elementor-section elementor-top-section elementor-element elementor-element-89d3ce3 elementor-section-boxed elementor-section-height-default elementor-section-height-default\" data-id=\"89d3ce3\" data-element_type=\"section\">\n\t\t\t\t\t\t<div class=\"elementor-container elementor-column-gap-default\">\n\t\t\t\t\t<div class=\"elementor-column elementor-col-100 elementor-top-column elementor-element elementor-element-d9a08ee\" data-id=\"d9a08ee\" data-element_type=\"column\">\n\t\t\t<div class=\"elementor-widget-wrap elementor-element-populated\">\n\t\t\t\t\t\t<div class=\"elementor-element elementor-element-1b32cc9 elementor-align-center elementor-widget elementor-widget-button\" data-id=\"1b32cc9\" data-element_type=\"widget\" data-widget_type=\"button.default\">\n\t\t\t\t<div class=\"elementor-widget-container\">\n\t\t\t\t\t\t\t\t\t<div class=\"elementor-button-wrapper\">\n\t\t\t\t\t<a class=\"elementor-button elementor-button-link elementor-size-sm elementor-animation-grow\" href=\"https:\/\/www.mcjb.org.br\/institucional\/?post_type=product&#038;p=7374&#038;preview=true\">\n\t\t\t\t\t\t<span class=\"elementor-button-content-wrapper\">\n\t\t\t\t\t\t\t\t\t<span class=\"elementor-button-text\">QUERO VACINAR CONTRA A GRIPE<\/span>\n\t\t\t\t\t<\/span>\n\t\t\t\t\t<\/a>\n\t\t\t\t<\/div>\n\t\t\t\t\t\t\t\t<\/div>\n\t\t\t\t<\/div>\n\t\t\t\t\t<\/div>\n\t\t<\/div>\n\t\t\t\t\t<\/div>\n\t\t<\/section>\n\t\t\t\t<section class=\"elementor-section elementor-top-section elementor-element elementor-element-eab28b4 elementor-section-boxed elementor-section-height-default elementor-section-height-default\" data-id=\"eab28b4\" data-element_type=\"section\">\n\t\t\t\t\t\t<div class=\"elementor-container elementor-column-gap-default\">\n\t\t\t\t\t<div class=\"elementor-column elementor-col-100 elementor-top-column elementor-element elementor-element-a1c7b08\" data-id=\"a1c7b08\" data-element_type=\"column\">\n\t\t\t<div class=\"elementor-widget-wrap elementor-element-populated\">\n\t\t\t\t\t\t<div class=\"elementor-element elementor-element-d5c8635 elementor-widget elementor-widget-text-editor\" data-id=\"d5c8635\" data-element_type=\"widget\" data-widget_type=\"text-editor.default\">\n\t\t\t\t<div class=\"elementor-widget-container\">\n\t\t\t\t\t\t\t\t\t<p><span style=\"font-family: 'trebuchet ms', geneva, sans-serif; font-size: 10pt;\"><div class=\"su-note\"  style=\"border-color:#0a5948;border-radius:1px;-moz-border-radius:1px;-webkit-border-radius:1px;\"><div class=\"su-note-inner su-u-clearfix su-u-trim\" style=\"background-color:#247362;border-color:#f0ffff;color:#ffff;border-radius:1px;-moz-border-radius:1px;-webkit-border-radius:1px;\">Observa\u00e7\u00f5es:<br \/>&#8211; O teste e a vacina\u00e7\u00e3o ocorrer\u00e3o na sede do Centro Cl\u00ednico Jardim Bot\u00e2nico (CCJB), podendo ser por drive-thru, dependendo da quantidade de pessoas que aderirem a campanha. O agendamento ser\u00e1 feito ap\u00f3s a confirma\u00e7\u00e3o do pagamento;<br \/>&#8211; Se o condom\u00ednio permitir e houver n\u00famero suficiente de pessoas interessadas, o CCJB poder\u00e1 fazer os testes e a vacina\u00e7\u00e3o dentro do condom\u00ednio, por Drive-thru;<br \/>&#8211; A vacina da gripe Tetravalente previne infec\u00e7\u00f5es causadas pelo v\u00edrus Influenza, \u00e9 indicada para imuniza\u00e7\u00e3o ativa para a preven\u00e7\u00e3o da influenza causada pelos subtipos A e B de v\u00edrus influenza, indicada para indiv\u00edduos a partir de 24 meses de idade;<br \/>&#8211; <b>Teste R\u00e1pido do COVID<\/b>: Indicado apenas para pessoas que apresentam sintomas de COVID, principalmente febre, tosse seca, cansa\u00e7o, dificuldade de respira\u00e7\u00e3o e falta de paladar;<br \/><\/span><span style=\"font-family: 'trebuchet ms', geneva, sans-serif; font-size: 13.3333px; font-style: normal; font-variant-ligatures: normal; font-variant-caps: normal; font-weight: 400;\">&#8211;\u00a0<\/span><span style=\"font-style: normal; font-variant-ligatures: normal; font-variant-caps: normal; font-weight: bold; font-size: 13.3333px; font-family: 'trebuchet ms', geneva, sans-serif;\">Teste Sorol\u00f3gico I (Total)<\/span><span style=\"font-family: 'trebuchet ms', geneva, sans-serif; font-size: 13.3333px; font-style: normal; font-variant-ligatures: normal; font-variant-caps: normal; font-weight: 400;\">: Tamb\u00e9m indicado apenas para pessoas que apresentam sintomas de COVID, realizado em sistema de coleta de sangu\u00ednea;<br \/>&#8211;\u00a0<span style=\"font-style: normal; font-variant-ligatures: normal; font-variant-caps: normal; font-weight: bold; font-size: 13.3333px; font-family: 'trebuchet ms', geneva, sans-serif;\">Teste Sorol\u00f3gico II (IgG e IgM)<\/span>: Verifica a resposta imunol\u00f3gica do corpo em rela\u00e7\u00e3o ao v\u00edrus, podendo indicar se a pessoa est\u00e1 contaminada ou j\u00e1 teve o v\u00edrus da COVID. O exame \u00e9 realizado a partir da amostra de sangue do paciente. \u00c9 importante ressaltar, que nem todas as pessoas que t\u00eam infec\u00e7\u00e3o por COVID-19 desenvolvem anticorpos detect\u00e1veis.<\/span><span style=\"font-family: 'trebuchet ms', geneva, sans-serif; font-size: 10pt;\"><\/div><\/div><\/span><\/p>\t\t\t\t\t\t\t\t<\/div>\n\t\t\t\t<\/div>\n\t\t\t\t\t<\/div>\n\t\t<\/div>\n\t\t\t\t\t<\/div>\n\t\t<\/section>\n\t\t\t\t<section class=\"elementor-section elementor-top-section elementor-element elementor-element-bdd0a6b elementor-section-boxed elementor-section-height-default elementor-section-height-default\" data-id=\"bdd0a6b\" data-element_type=\"section\">\n\t\t\t\t\t\t<div class=\"elementor-container elementor-column-gap-default\">\n\t\t\t\t\t<div class=\"elementor-column elementor-col-100 elementor-top-column elementor-element elementor-element-4b8065a\" data-id=\"4b8065a\" data-element_type=\"column\">\n\t\t\t<div class=\"elementor-widget-wrap elementor-element-populated\">\n\t\t\t\t\t\t<section class=\"elementor-section elementor-inner-section elementor-element elementor-element-8574b15 elementor-section-boxed elementor-section-height-default elementor-section-height-default\" data-id=\"8574b15\" data-element_type=\"section\">\n\t\t\t\t\t\t<div class=\"elementor-container elementor-column-gap-default\">\n\t\t\t\t\t<div class=\"elementor-column elementor-col-50 elementor-inner-column elementor-element elementor-element-883d0b1\" data-id=\"883d0b1\" data-element_type=\"column\">\n\t\t\t<div class=\"elementor-widget-wrap elementor-element-populated\">\n\t\t\t\t\t\t<div class=\"elementor-element elementor-element-e03201f elementor-align-center elementor-widget elementor-widget-button\" data-id=\"e03201f\" data-element_type=\"widget\" data-widget_type=\"button.default\">\n\t\t\t\t<div class=\"elementor-widget-container\">\n\t\t\t\t\t\t\t\t\t<div class=\"elementor-button-wrapper\">\n\t\t\t\t\t<a class=\"elementor-button elementor-button-link elementor-size-sm elementor-animation-grow\" href=\"https:\/\/www.mcjb.org.br\/institucional\/?post_type=product&#038;p=7368&#038;preview=true\">\n\t\t\t\t\t\t<span class=\"elementor-button-content-wrapper\">\n\t\t\t\t\t\t\t\t\t<span class=\"elementor-button-text\">QUERO FAZER O TESTE DO COVID<\/span>\n\t\t\t\t\t<\/span>\n\t\t\t\t\t<\/a>\n\t\t\t\t<\/div>\n\t\t\t\t\t\t\t\t<\/div>\n\t\t\t\t<\/div>\n\t\t\t\t\t<\/div>\n\t\t<\/div>\n\t\t\t\t<div class=\"elementor-column elementor-col-50 elementor-inner-column elementor-element elementor-element-8515151\" data-id=\"8515151\" data-element_type=\"column\">\n\t\t\t<div class=\"elementor-widget-wrap elementor-element-populated\">\n\t\t\t\t\t\t<div class=\"elementor-element elementor-element-bb49625 elementor-align-center elementor-widget elementor-widget-button\" data-id=\"bb49625\" data-element_type=\"widget\" data-widget_type=\"button.default\">\n\t\t\t\t<div class=\"elementor-widget-container\">\n\t\t\t\t\t\t\t\t\t<div class=\"elementor-button-wrapper\">\n\t\t\t\t\t<a class=\"elementor-button elementor-button-link elementor-size-sm elementor-animation-grow\" href=\"https:\/\/www.mcjb.org.br\/institucional\/?post_type=product&#038;p=7374&#038;preview=true\">\n\t\t\t\t\t\t<span class=\"elementor-button-content-wrapper\">\n\t\t\t\t\t\t\t\t\t<span class=\"elementor-button-text\">QUERO VACINAR CONTRA A GRIPE<\/span>\n\t\t\t\t\t<\/span>\n\t\t\t\t\t<\/a>\n\t\t\t\t<\/div>\n\t\t\t\t\t\t\t\t<\/div>\n\t\t\t\t<\/div>\n\t\t\t\t\t<\/div>\n\t\t<\/div>\n\t\t\t\t\t<\/div>\n\t\t<\/section>\n\t\t\t\t\t<\/div>\n\t\t<\/div>\n\t\t\t\t\t<\/div>\n\t\t<\/section>\n\t\t\t\t<\/div>\n\t\t","protected":false},"excerpt":{"rendered":"<p>Teste de Covid &#8211; Confira os valores Tipo de Teste Valor Normal (N\u00e3o associado ao MCJB) Valor p\/ morador de condom\u00ednio associado ao MCJB (12% de<span class=\"excerpt-hellip\"> [\u2026]<\/span><\/p>\n","protected":false},"author":1,"featured_media":0,"parent":0,"menu_order":0,"comment_status":"closed","ping_status":"closed","template":"","meta":{"footnotes":""},"class_list":["post-7256","page","type-page","status-publish","hentry"],"_links":{"self":[{"href":"https:\/\/www.mcjb.org.br\/institucional\/wp-json\/wp\/v2\/pages\/7256","targetHints":{"allow":["GET"]}}],"collection":[{"href":"https:\/\/www.mcjb.org.br\/institucional\/wp-json\/wp\/v2\/pages"}],"about":[{"href":"https:\/\/www.mcjb.org.br\/institucional\/wp-json\/wp\/v2\/types\/page"}],"author":[{"embeddable":true,"href":"https:\/\/www.mcjb.org.br\/institucional\/wp-json\/wp\/v2\/users\/1"}],"replies":[{"embeddable":true,"href":"https:\/\/www.mcjb.org.br\/institucional\/wp-json\/wp\/v2\/comments?post=7256"}],"version-history":[{"count":19,"href":"https:\/\/www.mcjb.org.br\/institucional\/wp-json\/wp\/v2\/pages\/7256\/revisions"}],"predecessor-version":[{"id":11428,"href":"https:\/\/www.mcjb.org.br\/institucional\/wp-json\/wp\/v2\/pages\/7256\/revisions\/11428"}],"wp:attachment":[{"href":"https:\/\/www.mcjb.org.br\/institucional\/wp-json\/wp\/v2\/media?parent=7256"}],"curies":[{"name":"wp","href":"https:\/\/api.w.org\/{rel}","templated":true}]}}