{"id":5231,"date":"2019-09-10T14:56:07","date_gmt":"2019-09-10T14:56:07","guid":{"rendered":"http:\/\/www.mcjb.org.br\/institucional\/?page_id=5231"},"modified":"2020-04-16T10:23:36","modified_gmt":"2020-04-16T13:23:36","slug":"doe-seu-tempo","status":"publish","type":"page","link":"https:\/\/www.mcjb.org.br\/institucional\/doe-seu-tempo\/","title":{"rendered":"Doe seu tempo"},"content":{"rendered":"\t\t<div data-elementor-type=\"wp-post\" data-elementor-id=\"5231\" class=\"elementor elementor-5231\" data-elementor-post-type=\"page\">\n\t\t\t\t\t\t<section class=\"elementor-section elementor-top-section elementor-element elementor-element-65013a8 elementor-section-boxed elementor-section-height-default elementor-section-height-default\" data-id=\"65013a8\" data-element_type=\"section\">\n\t\t\t\t\t\t<div class=\"elementor-container elementor-column-gap-default\">\n\t\t\t\t\t<div class=\"elementor-column elementor-col-100 elementor-top-column elementor-element elementor-element-3c3cec7\" data-id=\"3c3cec7\" data-element_type=\"column\">\n\t\t\t<div class=\"elementor-widget-wrap elementor-element-populated\">\n\t\t\t\t\t\t<div class=\"elementor-element elementor-element-8c241ba elementor-widget elementor-widget-heading\" data-id=\"8c241ba\" data-element_type=\"widget\" data-widget_type=\"heading.default\">\n\t\t\t\t<div class=\"elementor-widget-container\">\n\t\t\t\t\t<h2 class=\"elementor-heading-title elementor-size-default\"><a href=\"https:\/\/docs.google.com\/forms\/d\/e\/1FAIpQLSfOKLWTONSlHa8HDrzfshYiGiIImhU46C9W6UWt68a_DkvsYg\/viewform?usp=sf_link\">A\u00e7\u00f5es de voluntariado deste projeto suspensas por causa da pandemia do coronav\u00edrus<\/a><\/h2>\t\t\t\t<\/div>\n\t\t\t\t<\/div>\n\t\t\t\t\t<\/div>\n\t\t<\/div>\n\t\t\t\t\t<\/div>\n\t\t<\/section>\n\t\t\t\t<section class=\"elementor-section elementor-top-section elementor-element elementor-element-a6f2f9f elementor-section-boxed elementor-section-height-default elementor-section-height-default\" data-id=\"a6f2f9f\" data-element_type=\"section\">\n\t\t\t\t\t\t<div class=\"elementor-container elementor-column-gap-default\">\n\t\t\t\t\t<div class=\"elementor-column elementor-col-100 elementor-top-column elementor-element elementor-element-4e523dd\" data-id=\"4e523dd\" data-element_type=\"column\">\n\t\t\t<div class=\"elementor-widget-wrap elementor-element-populated\">\n\t\t\t\t\t\t<div class=\"elementor-element elementor-element-08b168e elementor-widget elementor-widget-image\" data-id=\"08b168e\" data-element_type=\"widget\" data-widget_type=\"image.default\">\n\t\t\t\t<div class=\"elementor-widget-container\">\n\t\t\t\t\t\t\t\t\t\t\t\t\t\t\t\t<a href=\"https:\/\/docs.google.com\/forms\/d\/e\/1FAIpQLSfOKLWTONSlHa8HDrzfshYiGiIImhU46C9W6UWt68a_DkvsYg\/viewform?usp=sf_link\">\n\t\t\t\t\t\t\t<img fetchpriority=\"high\" decoding=\"async\" width=\"768\" height=\"427\" src=\"https:\/\/www.mcjb.org.br\/institucional\/wp-content\/uploads\/2020\/04\/Doe-seu-tempo-SOS-Venezuelanos-1-768x427.jpg\" class=\"attachment-medium_large size-medium_large wp-image-6173\" alt=\"\" srcset=\"https:\/\/www.mcjb.org.br\/institucional\/wp-content\/uploads\/2020\/04\/Doe-seu-tempo-SOS-Venezuelanos-1-768x427.jpg 768w, https:\/\/www.mcjb.org.br\/institucional\/wp-content\/uploads\/2020\/04\/Doe-seu-tempo-SOS-Venezuelanos-1-300x167.jpg 300w, https:\/\/www.mcjb.org.br\/institucional\/wp-content\/uploads\/2020\/04\/Doe-seu-tempo-SOS-Venezuelanos-1-260x144.jpg 260w, https:\/\/www.mcjb.org.br\/institucional\/wp-content\/uploads\/2020\/04\/Doe-seu-tempo-SOS-Venezuelanos-1-50x28.jpg 50w, https:\/\/www.mcjb.org.br\/institucional\/wp-content\/uploads\/2020\/04\/Doe-seu-tempo-SOS-Venezuelanos-1-135x75.jpg 135w, https:\/\/www.mcjb.org.br\/institucional\/wp-content\/uploads\/2020\/04\/Doe-seu-tempo-SOS-Venezuelanos-1.jpg 900w, https:\/\/www.mcjb.org.br\/institucional\/wp-content\/uploads\/2020\/04\/Doe-seu-tempo-SOS-Venezuelanos-1-600x333.jpg 600w\" sizes=\"(max-width: 768px) 100vw, 768px\" \/>\t\t\t\t\t\t\t\t<\/a>\n\t\t\t\t\t\t\t\t\t\t\t\t\t\t\t<\/div>\n\t\t\t\t<\/div>\n\t\t\t\t<div class=\"elementor-element elementor-element-34511a6 elementor-widget elementor-widget-image\" data-id=\"34511a6\" data-element_type=\"widget\" data-widget_type=\"image.default\">\n\t\t\t\t<div class=\"elementor-widget-container\">\n\t\t\t\t\t\t\t\t\t\t\t\t\t\t\t\t<a href=\"https:\/\/docs.google.com\/forms\/d\/e\/1FAIpQLSfOKLWTONSlHa8HDrzfshYiGiIImhU46C9W6UWt68a_DkvsYg\/viewform?usp=sf_link\">\n\t\t\t\t\t\t\t<img decoding=\"async\" width=\"768\" height=\"427\" src=\"https:\/\/www.mcjb.org.br\/institucional\/wp-content\/uploads\/2020\/04\/Doe_seu_tempo_-_SOS_Venezuelanos-768x427.jpg\" class=\"attachment-medium_large size-medium_large wp-image-6172\" alt=\"\" srcset=\"https:\/\/www.mcjb.org.br\/institucional\/wp-content\/uploads\/2020\/04\/Doe_seu_tempo_-_SOS_Venezuelanos-768x427.jpg 768w, https:\/\/www.mcjb.org.br\/institucional\/wp-content\/uploads\/2020\/04\/Doe_seu_tempo_-_SOS_Venezuelanos-300x167.jpg 300w, https:\/\/www.mcjb.org.br\/institucional\/wp-content\/uploads\/2020\/04\/Doe_seu_tempo_-_SOS_Venezuelanos-260x144.jpg 260w, https:\/\/www.mcjb.org.br\/institucional\/wp-content\/uploads\/2020\/04\/Doe_seu_tempo_-_SOS_Venezuelanos-50x28.jpg 50w, https:\/\/www.mcjb.org.br\/institucional\/wp-content\/uploads\/2020\/04\/Doe_seu_tempo_-_SOS_Venezuelanos-135x75.jpg 135w, https:\/\/www.mcjb.org.br\/institucional\/wp-content\/uploads\/2020\/04\/Doe_seu_tempo_-_SOS_Venezuelanos.jpg 900w, https:\/\/www.mcjb.org.br\/institucional\/wp-content\/uploads\/2020\/04\/Doe_seu_tempo_-_SOS_Venezuelanos-600x333.jpg 600w\" sizes=\"(max-width: 768px) 100vw, 768px\" \/>\t\t\t\t\t\t\t\t<\/a>\n\t\t\t\t\t\t\t\t\t\t\t\t\t\t\t<\/div>\n\t\t\t\t<\/div>\n\t\t\t\t\t<\/div>\n\t\t<\/div>\n\t\t\t\t\t<\/div>\n\t\t<\/section>\n\t\t\t\t<section class=\"elementor-section elementor-top-section elementor-element elementor-element-5c534f2 elementor-section-boxed elementor-section-height-default elementor-section-height-default\" data-id=\"5c534f2\" data-element_type=\"section\">\n\t\t\t\t\t\t<div class=\"elementor-container elementor-column-gap-default\">\n\t\t\t\t\t<div class=\"elementor-column elementor-col-100 elementor-top-column elementor-element elementor-element-05bd185\" data-id=\"05bd185\" data-element_type=\"column\">\n\t\t\t<div class=\"elementor-widget-wrap elementor-element-populated\">\n\t\t\t\t\t\t<div class=\"elementor-element elementor-element-d211291 elementor-widget elementor-widget-heading\" data-id=\"d211291\" data-element_type=\"widget\" data-widget_type=\"heading.default\">\n\t\t\t\t<div class=\"elementor-widget-container\">\n\t\t\t\t\t<h2 class=\"elementor-heading-title elementor-size-default\"><a href=\"https:\/\/docs.google.com\/forms\/d\/e\/1FAIpQLSfOKLWTONSlHa8HDrzfshYiGiIImhU46C9W6UWt68a_DkvsYg\/viewform?usp=sf_link\">Participe conosco deste incr\u00edvel projeto, visite as fam\u00edlias, vivencie suas hist\u00f3rias, escute os idosos, promova um curso ou oficina. Clique AQUI e preencha um r\u00e1pido formul\u00e1rio, se voluntarie para ajudar e impactar positivamente esses refugiados.<\/a><\/h2>\t\t\t\t<\/div>\n\t\t\t\t<\/div>\n\t\t\t\t\t<\/div>\n\t\t<\/div>\n\t\t\t\t\t<\/div>\n\t\t<\/section>\n\t\t\t\t<section class=\"elementor-section elementor-top-section elementor-element elementor-element-cd4b56c elementor-section-boxed elementor-section-height-default elementor-section-height-default\" data-id=\"cd4b56c\" data-element_type=\"section\">\n\t\t\t\t\t\t<div class=\"elementor-container elementor-column-gap-default\">\n\t\t\t\t\t<div class=\"elementor-column elementor-col-100 elementor-top-column elementor-element elementor-element-6d5fc7d\" data-id=\"6d5fc7d\" data-element_type=\"column\">\n\t\t\t<div class=\"elementor-widget-wrap elementor-element-populated\">\n\t\t\t\t\t\t<div class=\"elementor-element elementor-element-c161881 elementor-align-center elementor-widget elementor-widget-button\" data-id=\"c161881\" data-element_type=\"widget\" data-widget_type=\"button.default\">\n\t\t\t\t<div class=\"elementor-widget-container\">\n\t\t\t\t\t\t\t\t\t<div class=\"elementor-button-wrapper\">\n\t\t\t\t\t<a class=\"elementor-button elementor-button-link elementor-size-sm\" href=\"https:\/\/docs.google.com\/forms\/d\/e\/1FAIpQLSfOKLWTONSlHa8HDrzfshYiGiIImhU46C9W6UWt68a_DkvsYg\/viewform?usp=sf_link\">\n\t\t\t\t\t\t<span class=\"elementor-button-content-wrapper\">\n\t\t\t\t\t\t\t\t\t<span class=\"elementor-button-text\">Formul\u00e1rio de Voluntariado - SOS VENEZUELANOS<\/span>\n\t\t\t\t\t<\/span>\n\t\t\t\t\t<\/a>\n\t\t\t\t<\/div>\n\t\t\t\t\t\t\t\t<\/div>\n\t\t\t\t<\/div>\n\t\t\t\t\t<\/div>\n\t\t<\/div>\n\t\t\t\t\t<\/div>\n\t\t<\/section>\n\t\t\t\t<section class=\"elementor-section elementor-top-section elementor-element elementor-element-58786f2 elementor-section-boxed elementor-section-height-default elementor-section-height-default\" data-id=\"58786f2\" data-element_type=\"section\">\n\t\t\t\t\t\t<div class=\"elementor-container elementor-column-gap-default\">\n\t\t\t\t\t<div class=\"elementor-column elementor-col-100 elementor-top-column elementor-element elementor-element-f55dece\" data-id=\"f55dece\" data-element_type=\"column\">\n\t\t\t<div class=\"elementor-widget-wrap elementor-element-populated\">\n\t\t\t\t\t\t<div class=\"elementor-element elementor-element-2be1691 elementor-align-right elementor-widget elementor-widget-button\" data-id=\"2be1691\" data-element_type=\"widget\" data-widget_type=\"button.default\">\n\t\t\t\t<div class=\"elementor-widget-container\">\n\t\t\t\t\t\t\t\t\t<div class=\"elementor-button-wrapper\">\n\t\t\t\t\t<a class=\"elementor-button elementor-button-link elementor-size-sm\" href=\"http:\/\/www.mcjb.org.br\/sosvenezuelanos\">\n\t\t\t\t\t\t<span class=\"elementor-button-content-wrapper\">\n\t\t\t\t\t\t<span class=\"elementor-button-icon\">\n\t\t\t\t<i aria-hidden=\"true\" class=\"fas fa-arrow-left\"><\/i>\t\t\t<\/span>\n\t\t\t\t\t\t\t\t\t<span class=\"elementor-button-text\">Voltar<\/span>\n\t\t\t\t\t<\/span>\n\t\t\t\t\t<\/a>\n\t\t\t\t<\/div>\n\t\t\t\t\t\t\t\t<\/div>\n\t\t\t\t<\/div>\n\t\t\t\t\t<\/div>\n\t\t<\/div>\n\t\t\t\t\t<\/div>\n\t\t<\/section>\n\t\t\t\t<\/div>\n\t\t","protected":false},"excerpt":{"rendered":"<p>A\u00e7\u00f5es de voluntariado deste projeto suspensas por causa da pandemia do coronav\u00edrus Participe conosco deste incr\u00edvel projeto, visite as fam\u00edlias, vivencie suas hist\u00f3rias, escute os idosos,<span class=\"excerpt-hellip\"> [\u2026]<\/span><\/p>\n","protected":false},"author":1,"featured_media":0,"parent":0,"menu_order":0,"comment_status":"closed","ping_status":"closed","template":"","meta":{"footnotes":""},"class_list":["post-5231","page","type-page","status-publish","hentry"],"_links":{"self":[{"href":"https:\/\/www.mcjb.org.br\/institucional\/wp-json\/wp\/v2\/pages\/5231","targetHints":{"allow":["GET"]}}],"collection":[{"href":"https:\/\/www.mcjb.org.br\/institucional\/wp-json\/wp\/v2\/pages"}],"about":[{"href":"https:\/\/www.mcjb.org.br\/institucional\/wp-json\/wp\/v2\/types\/page"}],"author":[{"embeddable":true,"href":"https:\/\/www.mcjb.org.br\/institucional\/wp-json\/wp\/v2\/users\/1"}],"replies":[{"embeddable":true,"href":"https:\/\/www.mcjb.org.br\/institucional\/wp-json\/wp\/v2\/comments?post=5231"}],"version-history":[{"count":12,"href":"https:\/\/www.mcjb.org.br\/institucional\/wp-json\/wp\/v2\/pages\/5231\/revisions"}],"predecessor-version":[{"id":6174,"href":"https:\/\/www.mcjb.org.br\/institucional\/wp-json\/wp\/v2\/pages\/5231\/revisions\/6174"}],"wp:attachment":[{"href":"https:\/\/www.mcjb.org.br\/institucional\/wp-json\/wp\/v2\/media?parent=5231"}],"curies":[{"name":"wp","href":"https:\/\/api.w.org\/{rel}","templated":true}]}}