{"id":4745,"date":"2018-10-16T12:48:06","date_gmt":"2018-10-16T12:48:06","guid":{"rendered":"http:\/\/www.mcjb.org.br\/institucional\/?page_id=4745"},"modified":"2021-03-05T11:26:16","modified_gmt":"2021-03-05T14:26:16","slug":"projetos-comunitarios","status":"publish","type":"page","link":"https:\/\/www.mcjb.org.br\/institucional\/projetos-comunitarios\/","title":{"rendered":"Projetos Comunit\u00e1rios"},"content":{"rendered":"<p style=\"text-align: center;\"><a href=\"http:\/\/www.mcjb.org.br\/institucional\/wp-content\/uploads\/2018\/03\/02-1.jpg\"><img fetchpriority=\"high\" decoding=\"async\" src=\"http:\/\/www.mcjb.org.br\/institucional\/wp-content\/uploads\/2018\/03\/02-1.jpg\" alt=\"\" width=\"820\" height=\"312\" \/><\/a><\/p>\n<div class=\"su-button-center\"><a href=\"http:\/\/www.mcjb.org.br\/institucional\" class=\"su-button su-button-style-default\" style=\"color:#FFFFFF;background-color:#32643c;border-color:#285030;border-radius:7px\" target=\"_self\"><span style=\"color:#FFFFFF;padding:7px 20px;font-size:16px;line-height:24px;border-color:#709377;border-radius:7px;text-shadow:none\"><i class=\"sui sui-heart\" style=\"font-size:16px;color:#FFFFFF\"><\/i> \u00a0 \u00a0 \u00a0 \u00a0 \u00a0 \u00a0 \u00a0 \u00a0 \u00a0 \u00a0 \u00a0 \u00a0 \u00a0 \u00a0 \u00a0 \u00a0 \u00a0 \u00a0 \u00a0 \u00a0Cesta do Bem\u00a0 \u00a0 \u00a0 \u00a0 \u00a0 \u00a0 \u00a0 \u00a0 \u00a0 \u00a0 \u00a0 \u00a0 \u00a0 \u00a0 \u00a0 \u00a0 \u00a0 \u00a0 \u00a0 \u00a0 \u00a0 \u00a0 \u00a0 \u00a0<\/span><\/a><\/div>\n<p style=\"text-align: center;\"><div class=\"su-button-center\"><a href=\"https:\/\/goo.gl\/forms\/JbfDOK73MXf5lZlx1\" class=\"su-button su-button-style-default\" style=\"color:#FFFFFF;background-color:#32643c;border-color:#285030;border-radius:7px\" target=\"_self\"><span style=\"color:#FFFFFF;padding:7px 20px;font-size:16px;line-height:24px;border-color:#709377;border-radius:7px;text-shadow:none\"><i class=\"sui sui-vcard-o\" style=\"font-size:16px;color:#FFFFFF\"><\/i> \u00a0 \u00a0 \u00a0 \u00a0 \u00a0 \u00a0 \u00a0 \u00a0Inscri\u00e7\u00e3o p\/ trabalho Volunt\u00e1rio(a)\u00a0 \u00a0 \u00a0 \u00a0 \u00a0 \u00a0 \u00a0 \u00a0 \u00a0 \u00a0 \u00a0 \u00a0 \u00a0 \u00a0 \u00a0 \u00a0 \u00a0 \u00a0 <\/span><\/a><\/div>\n<p style=\"text-align: center;\"><div class=\"su-button-center\"><a href=\"http:\/\/www.mcjb.org.br\/portal\/workshopjb\/\" class=\"su-button su-button-style-default\" style=\"color:#FFFFFF;background-color:#32643c;border-color:#285030;border-radius:7px\" target=\"_self\"><span style=\"color:#FFFFFF;padding:7px 20px;font-size:16px;line-height:24px;border-color:#709377;border-radius:7px;text-shadow:none\"><i class=\"sui sui-bullhorn\" style=\"font-size:16px;color:#FFFFFF\"><\/i> \u00a0 \u00a0 \u00a0 \u00a0 \u00a0 \u00a0 \u00a0Workshop de Regulariza\u00e7\u00e3o e Urbaniza\u00e7\u00e3o do JB\u00a0 \u00a0 \u00a0 \u00a0 \u00a0 \u00a0<\/span><\/a><\/div>\n<p style=\"text-align: center;\"><div class=\"su-button-center\"><a href=\"http:\/\/www.mcjb.org.br\/portal\/comunidade-consciente\/\" class=\"su-button su-button-style-default\" style=\"color:#FFFFFF;background-color:#32643c;border-color:#285030;border-radius:7px\" target=\"_self\"><span style=\"color:#FFFFFF;padding:7px 20px;font-size:16px;line-height:24px;border-color:#709377;border-radius:7px;text-shadow:none\"><i class=\"sui sui-group\" style=\"font-size:16px;color:#FFFFFF\"><\/i> \u00a0 \u00a0 \u00a0 \u00a0 \u00a0 \u00a0 \u00a0 \u00a0 \u00a0 \u00a0 \u00a0 \u00a0 \u00a0 \u00a0 \u00a0 \u00a0Comunidade Consciente\u00a0 \u00a0 \u00a0 \u00a0 \u00a0 \u00a0 \u00a0 \u00a0 \u00a0 \u00a0 \u00a0 \u00a0 \u00a0 \u00a0 \u00a0 \u00a0 \u00a0 \u00a0<\/span><\/a><\/div>\n<p style=\"text-align: center;\"><div class=\"su-button-center\"><a href=\"http:\/\/www.mcjb.org.br\/institucional\/institucional\/projeto-comunitario-comunidade-vigilante-jardim-botanico\/\" class=\"su-button su-button-style-default\" style=\"color:#FFFFFF;background-color:#32643c;border-color:#285030;border-radius:7px\" target=\"_self\"><span style=\"color:#FFFFFF;padding:7px 20px;font-size:16px;line-height:24px;border-color:#709377;border-radius:7px;text-shadow:none\"><i class=\"sui sui-bullhorn\" style=\"font-size:16px;color:#FFFFFF\"><\/i> \u00a0 \u00a0 \u00a0 \u00a0 \u00a0 \u00a0 \u00a0 \u00a0 \u00a0 Comunidade Vigilante &#8211; Jardim Bot\u00e2nico\u00a0 \u00a0 \u00a0 \u00a0 \u00a0 \u00a0 \u00a0 \u00a0 \u00a0 \u00a0 <\/span><\/a><\/div>\n<p style=\"text-align: center;\"><div class=\"su-button-center\"><a href=\"http:\/\/feiraambiental.mcjb.org.br\/\" class=\"su-button su-button-style-default\" style=\"color:#FFFFFF;background-color:#32643c;border-color:#285030;border-radius:7px\" target=\"_self\"><span style=\"color:#FFFFFF;padding:7px 20px;font-size:16px;line-height:24px;border-color:#709377;border-radius:7px;text-shadow:none\"><i class=\"sui sui-leaf\" style=\"font-size:16px;color:#FFFFFF\"><\/i> \u00a0 \u00a0 \u00a0 \u00a0 \u00a0 \u00a0 \u00a0 \u00a0 \u00a0 \u00a0 \u00a0 \u00a0 \u00a0 \u00a0 \u00a0 \u00a0 \u00a0 \u00a0 \u00a0 \u00a0 Feira Ambiental\u00a0 \u00a0 \u00a0 \u00a0 \u00a0 \u00a0 \u00a0 \u00a0 \u00a0 \u00a0 \u00a0 \u00a0 \u00a0 \u00a0 \u00a0 \u00a0 \u00a0 \u00a0 \u00a0 \u00a0 \u00a0 <\/span><\/a><\/div>\n<p style=\"text-align: center;\"><div class=\"su-button-center\"><a href=\"http:\/\/www.mcjb.org.br\/institucional\/jb-solar\/\" class=\"su-button su-button-style-default\" style=\"color:#FFFFFF;background-color:#32643c;border-color:#285030;border-radius:7px\" target=\"_self\"><span style=\"color:#FFFFFF;padding:7px 20px;font-size:16px;line-height:24px;border-color:#709377;border-radius:7px;text-shadow:none\"><i class=\"sui sui-sun-o\" style=\"font-size:16px;color:#FFFFFF\"><\/i> \u00a0 \u00a0 \u00a0 \u00a0 \u00a0 \u00a0 \u00a0 \u00a0 \u00a0 \u00a0 \u00a0 \u00a0 \u00a0 \u00a0 \u00a0 \u00a0 \u00a0 \u00a0 \u00a0 \u00a0 \u00a0 \u00a0 \u00a0 \u00a0JB Solar\u00a0 \u00a0 \u00a0 \u00a0 \u00a0 \u00a0 \u00a0 \u00a0 \u00a0 \u00a0 \u00a0 \u00a0 \u00a0 \u00a0 \u00a0 \u00a0 \u00a0 \u00a0 \u00a0 \u00a0 \u00a0 \u00a0 \u00a0 \u00a0<\/span><\/a><\/div>\n<p style=\"text-align: center;\"><div class=\"su-button-center\"><a href=\"http:\/\/www.mcjb.org.br\/institucional\/institucional\/projeto-jb-solidario\/\" class=\"su-button su-button-style-default\" style=\"color:#FFFFFF;background-color:#32643c;border-color:#285030;border-radius:7px\" target=\"_self\"><span style=\"color:#FFFFFF;padding:7px 20px;font-size:16px;line-height:24px;border-color:#709377;border-radius:7px;text-shadow:none\"><i class=\"sui sui-group\" style=\"font-size:16px;color:#FFFFFF\"><\/i> \u00a0 \u00a0 \u00a0 \u00a0 \u00a0 \u00a0 \u00a0 \u00a0 \u00a0 \u00a0 \u00a0 \u00a0 \u00a0 \u00a0 \u00a0 \u00a0 \u00a0 \u00a0 \u00a0 \u00a0 \u00a0 \u00a0 JB Solid\u00e1rio\u00a0 \u00a0 \u00a0 \u00a0 \u00a0 \u00a0 \u00a0 \u00a0 \u00a0 \u00a0 \u00a0 \u00a0 \u00a0 \u00a0 \u00a0 \u00a0 \u00a0 \u00a0 \u00a0 \u00a0 \u00a0 \u00a0 \u00a0<\/span><\/a><\/div>\n<p style=\"text-align: center;\"><div class=\"su-button-center\"><a href=\"http:\/\/www.mcjb.org.br\/institucional\/institucional\/jb-sustentavel\/\" class=\"su-button su-button-style-default\" style=\"color:#FFFFFF;background-color:#32643c;border-color:#285030;border-radius:7px\" target=\"_self\"><span style=\"color:#FFFFFF;padding:7px 20px;font-size:16px;line-height:24px;border-color:#709377;border-radius:7px;text-shadow:none\"><i class=\"sui sui-leaf\" style=\"font-size:16px;color:#FFFFFF\"><\/i> \u00a0 \u00a0 \u00a0 \u00a0 \u00a0 \u00a0 \u00a0 \u00a0 \u00a0 \u00a0 \u00a0 \u00a0 \u00a0 \u00a0 \u00a0 \u00a0 \u00a0 \u00a0 \u00a0 \u00a0 \u00a0JB Sustent\u00e1vel\u00a0 \u00a0 \u00a0 \u00a0 \u00a0 \u00a0 \u00a0 \u00a0 \u00a0 \u00a0 \u00a0 \u00a0 \u00a0 \u00a0 \u00a0 \u00a0 \u00a0 \u00a0 \u00a0 \u00a0 \u00a0 \u00a0<\/span><\/a><\/div>\n<p style=\"text-align: center;\"><div class=\"su-button-center\"><a href=\"http:\/\/www.mcjb.org.br\/institucional\/institucional\/projeto-jb-voluntario\/\" class=\"su-button su-button-style-default\" style=\"color:#FFFFFF;background-color:#32643c;border-color:#285030;border-radius:7px\" target=\"_self\"><span style=\"color:#FFFFFF;padding:7px 20px;font-size:16px;line-height:24px;border-color:#709377;border-radius:7px;text-shadow:none\"><i class=\"sui sui-puzzle-piece\" style=\"font-size:16px;color:#FFFFFF\"><\/i> \u00a0 \u00a0 \u00a0 \u00a0 \u00a0 \u00a0 \u00a0 \u00a0 \u00a0 \u00a0 \u00a0 \u00a0 \u00a0 \u00a0 \u00a0 \u00a0 \u00a0 \u00a0 \u00a0 \u00a0 \u00a0 JB Volunt\u00e1rio\u00a0 \u00a0 \u00a0 \u00a0 \u00a0 \u00a0 \u00a0 \u00a0 \u00a0 \u00a0 \u00a0 \u00a0 \u00a0 \u00a0 \u00a0 \u00a0 \u00a0 \u00a0 \u00a0 \u00a0 \u00a0 \u00a0 \u00a0 <\/span><\/a><\/div>\n<p style=\"text-align: center;\"><div class=\"su-button-center\"><a href=\"http:\/\/www.mcjb.org.br\/portal\/maxx-produtividade\/\" class=\"su-button su-button-style-default\" style=\"color:#FFFFFF;background-color:#32643c;border-color:#285030;border-radius:7px\" target=\"_self\"><span style=\"color:#FFFFFF;padding:7px 20px;font-size:16px;line-height:24px;border-color:#709377;border-radius:7px;text-shadow:none\"><i class=\"sui sui-plus\" style=\"font-size:16px;color:#FFFFFF\"><\/i> \u00a0 \u00a0 \u00a0 \u00a0 \u00a0 \u00a0 \u00a0 \u00a0 \u00a0 \u00a0 \u00a0 \u00a0 \u00a0 \u00a0 \u00a0 \u00a0 \u00a0 \u00a0Maxx Produtividade\u00a0 \u00a0 \u00a0 \u00a0 \u00a0 \u00a0 \u00a0 \u00a0 \u00a0 \u00a0 \u00a0 \u00a0 \u00a0 \u00a0 \u00a0 \u00a0 \u00a0 \u00a0 \u00a0 \u00a0<\/span><\/a><\/div>\n","protected":false},"excerpt":{"rendered":"","protected":false},"author":1,"featured_media":0,"parent":0,"menu_order":0,"comment_status":"closed","ping_status":"closed","template":"","meta":{"footnotes":""},"class_list":["post-4745","page","type-page","status-publish","hentry"],"_links":{"self":[{"href":"https:\/\/www.mcjb.org.br\/institucional\/wp-json\/wp\/v2\/pages\/4745","targetHints":{"allow":["GET"]}}],"collection":[{"href":"https:\/\/www.mcjb.org.br\/institucional\/wp-json\/wp\/v2\/pages"}],"about":[{"href":"https:\/\/www.mcjb.org.br\/institucional\/wp-json\/wp\/v2\/types\/page"}],"author":[{"embeddable":true,"href":"https:\/\/www.mcjb.org.br\/institucional\/wp-json\/wp\/v2\/users\/1"}],"replies":[{"embeddable":true,"href":"https:\/\/www.mcjb.org.br\/institucional\/wp-json\/wp\/v2\/comments?post=4745"}],"version-history":[{"count":62,"href":"https:\/\/www.mcjb.org.br\/institucional\/wp-json\/wp\/v2\/pages\/4745\/revisions"}],"predecessor-version":[{"id":10388,"href":"https:\/\/www.mcjb.org.br\/institucional\/wp-json\/wp\/v2\/pages\/4745\/revisions\/10388"}],"wp:attachment":[{"href":"https:\/\/www.mcjb.org.br\/institucional\/wp-json\/wp\/v2\/media?parent=4745"}],"curies":[{"name":"wp","href":"https:\/\/api.w.org\/{rel}","templated":true}]}}