{"id":4741,"date":"2018-10-16T12:40:36","date_gmt":"2018-10-16T12:40:36","guid":{"rendered":"http:\/\/www.mcjb.org.br\/institucional\/?page_id=4741"},"modified":"2020-12-17T13:45:25","modified_gmt":"2020-12-17T16:45:25","slug":"jb-solar","status":"publish","type":"page","link":"https:\/\/www.mcjb.org.br\/institucional\/jb-solar\/","title":{"rendered":"JB Solar"},"content":{"rendered":"<p><strong><img fetchpriority=\"high\" decoding=\"async\" class=\"aligncenter wp-image-4756 size-medium\" src=\"http:\/\/www.mcjb.org.br\/institucional\/wp-content\/uploads\/2018\/10\/Logo-JB-Solar-RGB-01-300x300.png\" alt=\"\" width=\"300\" height=\"300\" srcset=\"https:\/\/www.mcjb.org.br\/institucional\/wp-content\/uploads\/2018\/10\/Logo-JB-Solar-RGB-01-300x300.png 300w, https:\/\/www.mcjb.org.br\/institucional\/wp-content\/uploads\/2018\/10\/Logo-JB-Solar-RGB-01-150x150.png 150w, https:\/\/www.mcjb.org.br\/institucional\/wp-content\/uploads\/2018\/10\/Logo-JB-Solar-RGB-01-768x768.png 768w, https:\/\/www.mcjb.org.br\/institucional\/wp-content\/uploads\/2018\/10\/Logo-JB-Solar-RGB-01-1024x1024.png 1024w, https:\/\/www.mcjb.org.br\/institucional\/wp-content\/uploads\/2018\/10\/Logo-JB-Solar-RGB-01-146x146.png 146w, https:\/\/www.mcjb.org.br\/institucional\/wp-content\/uploads\/2018\/10\/Logo-JB-Solar-RGB-01-50x50.png 50w, https:\/\/www.mcjb.org.br\/institucional\/wp-content\/uploads\/2018\/10\/Logo-JB-Solar-RGB-01-75x75.png 75w, https:\/\/www.mcjb.org.br\/institucional\/wp-content\/uploads\/2018\/10\/Logo-JB-Solar-RGB-01-85x85.png 85w, https:\/\/www.mcjb.org.br\/institucional\/wp-content\/uploads\/2018\/10\/Logo-JB-Solar-RGB-01-80x80.png 80w, https:\/\/www.mcjb.org.br\/institucional\/wp-content\/uploads\/2018\/10\/Logo-JB-Solar-RGB-01-600x600.png 600w, https:\/\/www.mcjb.org.br\/institucional\/wp-content\/uploads\/2018\/10\/Logo-JB-Solar-RGB-01-100x100.png 100w\" sizes=\"(max-width: 300px) 100vw, 300px\" \/><\/strong><\/p>\n<p style=\"text-align: justify;\"><strong>Apresenta\u00e7\u00e3o<br \/>\n<\/strong><span style=\"font-weight: 400;\">O conv\u00eanio JB Solar faz parte das a\u00e7\u00f5es de sustentabilidade do MCJB, no \u00e2mbito do projeto JB Sustent\u00e1vel, e \u00e9 o resultado da parceria firmada entre o <\/span><b><i>Movimento Comunit\u00e1rio do Jardim Bot\u00e2nico<\/i><\/b><span style=\"font-weight: 400;\">, a Cooperativa de Cr\u00e9dito <\/span><a href=\"http:\/\/www.sicoobexecutivo.com.br\/ns\/\" target=\"_blank\" rel=\"noopener noreferrer\"><b>Sicoob Executivo<\/b><\/a><span style=\"font-weight: 400;\"> e a empresas <\/span><a href=\"http:\/\/ecoenerg.com.br\/\" target=\"_blank\" rel=\"noopener noreferrer\"><b>EcoEnerg<\/b><\/a><span style=\"font-weight: 400;\">, especializada em sistema de gera\u00e7\u00e3o de energia solar fotovoltaica, a<\/span><span style=\"font-weight: 400;\">. A proposta \u00e9 que qualquer pessoa tenha condi\u00e7\u00f5es de produzir sua pr\u00f3pria energia el\u00e9trica, atrav\u00e9s da aquisi\u00e7\u00e3o a custo mais baixo de kits de gera\u00e7\u00e3o de energia solar. O projeto tamb\u00e9m visa proporcionar condi\u00e7\u00f5es diferenciadas de financiamento para as pessoas que n\u00e3o tenham condi\u00e7\u00f5es de aquisi\u00e7\u00e3o \u00e0 vista, com juros mais baixos dos praticados no mercado e condi\u00e7\u00f5es facilitadas. Assim, garantimos aos associados do <\/span><b><i>MCJB<\/i><\/b><span style=\"font-weight: 400;\"> economia nos valores dos kits solares, que ficar\u00e3o, em m\u00e9dia, 20% mais baratos do que hoje \u00e9 praticado no mercado.<\/span><\/p>\n<p><a href=\"http:\/\/www.mcjb.org.br\/institucional\/wp-content\/uploads\/2018\/11\/pessoas-com-simbolo-de-sustentabilidade.jpg\"><img decoding=\"async\" class=\"size-medium wp-image-4786 aligncenter\" src=\"http:\/\/www.mcjb.org.br\/institucional\/wp-content\/uploads\/2018\/11\/pessoas-com-simbolo-de-sustentabilidade-300x214.jpg\" alt=\"\" width=\"300\" height=\"214\" srcset=\"https:\/\/www.mcjb.org.br\/institucional\/wp-content\/uploads\/2018\/11\/pessoas-com-simbolo-de-sustentabilidade-300x214.jpg 300w, https:\/\/www.mcjb.org.br\/institucional\/wp-content\/uploads\/2018\/11\/pessoas-com-simbolo-de-sustentabilidade-768x548.jpg 768w, https:\/\/www.mcjb.org.br\/institucional\/wp-content\/uploads\/2018\/11\/pessoas-com-simbolo-de-sustentabilidade-1024x730.jpg 1024w, https:\/\/www.mcjb.org.br\/institucional\/wp-content\/uploads\/2018\/11\/pessoas-com-simbolo-de-sustentabilidade-205x146.jpg 205w, https:\/\/www.mcjb.org.br\/institucional\/wp-content\/uploads\/2018\/11\/pessoas-com-simbolo-de-sustentabilidade-50x36.jpg 50w, https:\/\/www.mcjb.org.br\/institucional\/wp-content\/uploads\/2018\/11\/pessoas-com-simbolo-de-sustentabilidade-105x75.jpg 105w, https:\/\/www.mcjb.org.br\/institucional\/wp-content\/uploads\/2018\/11\/pessoas-com-simbolo-de-sustentabilidade-600x428.jpg 600w\" sizes=\"(max-width: 300px) 100vw, 300px\" \/><\/a><\/p>\n<div class=\"su-box su-box-style-default\" id=\"\" style=\"border-color:#1f3ecc;border-radius:1px\"><div class=\"su-box-title\" style=\"background-color:#5271ff;color:#FFFFFF;border-top-left-radius:0px;border-top-right-radius:0px\"><strong>Por que devo participar do projeto?<\/strong><\/div><div class=\"su-box-content su-u-clearfix su-u-trim\" style=\"border-bottom-left-radius:0px;border-bottom-right-radius:0px\">\n<p style=\"text-align: justify;\">A tecnologia solar permite que voc\u00ea produza sua pr\u00f3pria energia el\u00e9trica, ao mesmo tempo que faz bem ao meio ambiente, bem para o seu bolso e agora est\u00e1 ao seu alcance. Voc\u00ea poder\u00e1 economizar at\u00e9 95% da sua conta de luz, ficar\u00e1 livre dos constantes reajustes e aumentos na bandeira tarif\u00e1ria praticados pela CEB. Est\u00e1 comprovado que a energia solar fotovoltaica \u00e9 um dos investimentos mais rent\u00e1veis dispon\u00edveis hoje no mercado, pois gera valoriza\u00e7\u00e3o do im\u00f3vel e um r\u00e1pido retorno do investimento, podendo ter de volta o valor investido em pouco mais de 4 anos, depois os cr\u00e9ditos de energia continuam sendo gerados enquanto os pain\u00e9is solares estiverem instalados, ou seja, por mais de 25 anos, no m\u00ednimo!<\/p>\n<p>Os ganhos ambientais s\u00e3o muitos, pois a energia solar \u00e9 limpa, renov\u00e1vel e inesgot\u00e1vel, os kits solares t\u00eam baixo impacto ambiental, com equipamentos de alta durabilidade podendo chegar a 50 anos de gera\u00e7\u00e3o de energia. O sistema pode ser todo controlado de forma remota, via internet, propiciando ao usu\u00e1rio a visualiza\u00e7\u00e3o da economia gerada. Bras\u00edlia \u00e9 um local privilegiado para investimento em energia solar, por ter um dos maiores \u00edndices de insola\u00e7\u00e3o do Brasil.<\/p>\n<\/div><\/div>\n<p><a href=\"http:\/\/www.mcjb.org.br\/institucional\/wp-content\/uploads\/2018\/11\/placa-solar.jpg\"><img decoding=\"async\" class=\"size-medium wp-image-4782 aligncenter\" src=\"http:\/\/www.mcjb.org.br\/institucional\/wp-content\/uploads\/2018\/11\/placa-solar-300x300.jpg\" alt=\"\" width=\"300\" height=\"300\" srcset=\"https:\/\/www.mcjb.org.br\/institucional\/wp-content\/uploads\/2018\/11\/placa-solar-300x300.jpg 300w, https:\/\/www.mcjb.org.br\/institucional\/wp-content\/uploads\/2018\/11\/placa-solar-150x150.jpg 150w, https:\/\/www.mcjb.org.br\/institucional\/wp-content\/uploads\/2018\/11\/placa-solar-768x768.jpg 768w, https:\/\/www.mcjb.org.br\/institucional\/wp-content\/uploads\/2018\/11\/placa-solar-1024x1024.jpg 1024w, https:\/\/www.mcjb.org.br\/institucional\/wp-content\/uploads\/2018\/11\/placa-solar-146x146.jpg 146w, https:\/\/www.mcjb.org.br\/institucional\/wp-content\/uploads\/2018\/11\/placa-solar-50x50.jpg 50w, https:\/\/www.mcjb.org.br\/institucional\/wp-content\/uploads\/2018\/11\/placa-solar-75x75.jpg 75w, https:\/\/www.mcjb.org.br\/institucional\/wp-content\/uploads\/2018\/11\/placa-solar-85x85.jpg 85w, https:\/\/www.mcjb.org.br\/institucional\/wp-content\/uploads\/2018\/11\/placa-solar-80x80.jpg 80w, https:\/\/www.mcjb.org.br\/institucional\/wp-content\/uploads\/2018\/11\/placa-solar-600x600.jpg 600w, https:\/\/www.mcjb.org.br\/institucional\/wp-content\/uploads\/2018\/11\/placa-solar-100x100.jpg 100w\" sizes=\"(max-width: 300px) 100vw, 300px\" \/><\/a><\/p>\n<p style=\"text-align: justify;\"><strong>Como funciona o processo de gera\u00e7\u00e3o de energia el\u00e9trica?<\/strong><br \/>\nO processo inicia-se quando os raios solares s\u00e3o refletidos nas c\u00e9lulas solares que se transformam em energia el\u00e9trica de corrente cont\u00ednua. Posteriormente, a energia gerada \u00e9 enviada para um inversor que transforma a energia de corrente cont\u00ednua em energia de corrente alternada, injetando-a no quadro geral do local. A instala\u00e7\u00e3o dos equipamentos e o processo de gera\u00e7\u00e3o \u00e9 simples, caso o local produza mais energia que a consumida, poder\u00e1 acumular cr\u00e9ditos junta \u00e0 concession\u00e1ria para utilizar nas faturas futuras. Confira o v\u00eddeo abaixo para entender como funciona a instala\u00e7\u00e3o:<\/p>\n<p><iframe src=\"https:\/\/www.youtube.com\/embed\/qg_HDxEAOGw\" width=\"1200\" height=\"515\" frameborder=\"0\" allowfullscreen=\"allowfullscreen\"><\/iframe><\/p>\n<div class=\"su-box su-box-style-default\" id=\"\" style=\"border-color:#1f3ecc;border-radius:1px\"><div class=\"su-box-title\" style=\"background-color:#5271ff;color:#FFFFFF;border-top-left-radius:0px;border-top-right-radius:0px\"><strong>Qual o objetivo deste projeto?<\/strong><\/div><div class=\"su-box-content su-u-clearfix su-u-trim\" style=\"border-bottom-left-radius:0px;border-bottom-right-radius:0px\">\n<p>Conseguir transformar o maior n\u00famero de resid\u00eancias, condom\u00ednios e empresas do Jardim Bot\u00e2nico, em geradores de energia solar, limpa e renov\u00e1vel, para:<\/p>\n<ul>\n<li>Criar estabilidade no sistema de distribui\u00e7\u00e3o el\u00e9trica no bairro, que atualmente \u00e9 deficit\u00e1rio;<\/li>\n<li>Diminuir a demanda de energia el\u00e9trica na regi\u00e3o, em quantidade suficiente que permita o sistema de gera\u00e7\u00e3o de energia do Brasil a descontinuar usinas termoel\u00e9tricas, que s\u00e3o altamente poluentes;<\/li>\n<li>Transformar o Jardim Bot\u00e2nico no primeiro bairro autossustent\u00e1vel do Brasil, at\u00e9 2030.<\/li>\n<\/ul>\n<\/div><\/div>\n<p><img loading=\"lazy\" decoding=\"async\" class=\"aligncenter wp-image-4788 size-medium\" src=\"http:\/\/www.mcjb.org.br\/institucional\/wp-content\/uploads\/2018\/11\/pessoas-com-simbolo-de-sustentabilidade01-300x240.jpg\" alt=\"\" width=\"300\" height=\"240\" srcset=\"https:\/\/www.mcjb.org.br\/institucional\/wp-content\/uploads\/2018\/11\/pessoas-com-simbolo-de-sustentabilidade01-300x240.jpg 300w, https:\/\/www.mcjb.org.br\/institucional\/wp-content\/uploads\/2018\/11\/pessoas-com-simbolo-de-sustentabilidade01-183x146.jpg 183w, https:\/\/www.mcjb.org.br\/institucional\/wp-content\/uploads\/2018\/11\/pessoas-com-simbolo-de-sustentabilidade01-50x40.jpg 50w, https:\/\/www.mcjb.org.br\/institucional\/wp-content\/uploads\/2018\/11\/pessoas-com-simbolo-de-sustentabilidade01-94x75.jpg 94w, https:\/\/www.mcjb.org.br\/institucional\/wp-content\/uploads\/2018\/11\/pessoas-com-simbolo-de-sustentabilidade01.jpg 626w, https:\/\/www.mcjb.org.br\/institucional\/wp-content\/uploads\/2018\/11\/pessoas-com-simbolo-de-sustentabilidade01-600x479.jpg 600w\" sizes=\"(max-width: 300px) 100vw, 300px\" \/><\/p>\n<p style=\"text-align: justify;\"><strong>Como participar do projeto?<\/strong><br \/>\nBasta clicar em umas das op\u00e7\u00f5es abaixo e preencher um r\u00e1pido formul\u00e1rio, fornecendo\u00a0algumas informa\u00e7\u00f5es sobre seu im\u00f3vel e o consumo mensal de energia. O formul\u00e1rio \u00e9 enviado para a empresa Eco-Energ, que entra em contato com o solicitante.<\/p>\n<div class=\"su-button-center\"><a href=\"http:\/\/www.mcjb.org.br\/portal\/calculo-kit-de-energia-solar\/\" class=\"su-button su-button-style-default\" style=\"color:#FFFFFF;background-color:#5271ff;border-color:#425bcc;border-radius:7px\" target=\"_self\"><span style=\"color:#FFFFFF;padding:7px 20px;font-size:16px;line-height:24px;border-color:#869cff;border-radius:7px;text-shadow:none\"><i class=\"sui sui-bars\" style=\"font-size:16px;color:#FFFFFF\"><\/i> Tenho a imagem da conta CEB<\/span><\/a><\/div>\n<div class=\"su-button-center\"><a href=\"http:\/\/www.mcjb.org.br\/portal\/calculo-kit-de-energia-solar-nao-tenho-a-imagem-da-conta-da-ceb\/\" class=\"su-button su-button-style-default\" style=\"color:#FFFFFF;background-color:#5271ff;border-color:#425bcc;border-radius:7px\" target=\"_self\"><span style=\"color:#FFFFFF;padding:7px 20px;font-size:16px;line-height:24px;border-color:#869cff;border-radius:7px;text-shadow:none\"><i class=\"sui sui-bars\" style=\"font-size:16px;color:#FFFFFF\"><\/i> N\u00e3o tenho a imagem da conta CEB<\/span><\/a><\/div>\n<p><img loading=\"lazy\" decoding=\"async\" class=\"aligncenter wp-image-4784 size-medium\" src=\"http:\/\/www.mcjb.org.br\/institucional\/wp-content\/uploads\/2018\/11\/ilustracao-do-conceito-de-servico-ao-cliente-de-avatar-de-pessoas_53876-40784-300x300.jpg\" alt=\"\" width=\"300\" height=\"300\" srcset=\"https:\/\/www.mcjb.org.br\/institucional\/wp-content\/uploads\/2018\/11\/ilustracao-do-conceito-de-servico-ao-cliente-de-avatar-de-pessoas_53876-40784-300x300.jpg 300w, https:\/\/www.mcjb.org.br\/institucional\/wp-content\/uploads\/2018\/11\/ilustracao-do-conceito-de-servico-ao-cliente-de-avatar-de-pessoas_53876-40784-150x150.jpg 150w, https:\/\/www.mcjb.org.br\/institucional\/wp-content\/uploads\/2018\/11\/ilustracao-do-conceito-de-servico-ao-cliente-de-avatar-de-pessoas_53876-40784-146x146.jpg 146w, https:\/\/www.mcjb.org.br\/institucional\/wp-content\/uploads\/2018\/11\/ilustracao-do-conceito-de-servico-ao-cliente-de-avatar-de-pessoas_53876-40784-50x50.jpg 50w, https:\/\/www.mcjb.org.br\/institucional\/wp-content\/uploads\/2018\/11\/ilustracao-do-conceito-de-servico-ao-cliente-de-avatar-de-pessoas_53876-40784-75x75.jpg 75w, https:\/\/www.mcjb.org.br\/institucional\/wp-content\/uploads\/2018\/11\/ilustracao-do-conceito-de-servico-ao-cliente-de-avatar-de-pessoas_53876-40784-85x85.jpg 85w, https:\/\/www.mcjb.org.br\/institucional\/wp-content\/uploads\/2018\/11\/ilustracao-do-conceito-de-servico-ao-cliente-de-avatar-de-pessoas_53876-40784-80x80.jpg 80w, https:\/\/www.mcjb.org.br\/institucional\/wp-content\/uploads\/2018\/11\/ilustracao-do-conceito-de-servico-ao-cliente-de-avatar-de-pessoas_53876-40784-600x600.jpg 600w, https:\/\/www.mcjb.org.br\/institucional\/wp-content\/uploads\/2018\/11\/ilustracao-do-conceito-de-servico-ao-cliente-de-avatar-de-pessoas_53876-40784-100x100.jpg 100w, https:\/\/www.mcjb.org.br\/institucional\/wp-content\/uploads\/2018\/11\/ilustracao-do-conceito-de-servico-ao-cliente-de-avatar-de-pessoas_53876-40784.jpg 626w\" sizes=\"(max-width: 300px) 100vw, 300px\" \/><\/p>\n<p><a href=\"http:\/\/www.mcjb.org.br\/institucional\/wp-content\/uploads\/2018\/11\/perguntas-frequentes-jb-solar-min.jpg\"><img loading=\"lazy\" decoding=\"async\" class=\"aligncenter wp-image-4812 size-full\" src=\"http:\/\/www.mcjb.org.br\/institucional\/wp-content\/uploads\/2018\/11\/perguntas-frequentes-jb-solar-min.jpg\" alt=\"\" width=\"800\" height=\"2000\" srcset=\"https:\/\/www.mcjb.org.br\/institucional\/wp-content\/uploads\/2018\/11\/perguntas-frequentes-jb-solar-min.jpg 800w, https:\/\/www.mcjb.org.br\/institucional\/wp-content\/uploads\/2018\/11\/perguntas-frequentes-jb-solar-min-120x300.jpg 120w, https:\/\/www.mcjb.org.br\/institucional\/wp-content\/uploads\/2018\/11\/perguntas-frequentes-jb-solar-min-768x1920.jpg 768w, https:\/\/www.mcjb.org.br\/institucional\/wp-content\/uploads\/2018\/11\/perguntas-frequentes-jb-solar-min-410x1024.jpg 410w, https:\/\/www.mcjb.org.br\/institucional\/wp-content\/uploads\/2018\/11\/perguntas-frequentes-jb-solar-min-58x146.jpg 58w, https:\/\/www.mcjb.org.br\/institucional\/wp-content\/uploads\/2018\/11\/perguntas-frequentes-jb-solar-min-20x50.jpg 20w, https:\/\/www.mcjb.org.br\/institucional\/wp-content\/uploads\/2018\/11\/perguntas-frequentes-jb-solar-min-30x75.jpg 30w, https:\/\/www.mcjb.org.br\/institucional\/wp-content\/uploads\/2018\/11\/perguntas-frequentes-jb-solar-min-600x1500.jpg 600w\" sizes=\"(max-width: 800px) 100vw, 800px\" \/><\/a><\/p>\n<p style=\"text-align: center;\"><strong>Institui\u00e7\u00f5es Parceiras<\/strong><\/p>\n<div class=\"foogallery foogallery-container foogallery-default foogallery-lightbox-foobox fg-gutter-10 fg-center fg-default fg-light fg-border-thin fg-shadow-outline fg-loading-default fg-loaded-fade-in fg-caption-hover fg-hover-fade fg-ready\" id=\"foogallery-gallery-4832\" data-foogallery=\"{&quot;item&quot;:{&quot;showCaptionTitle&quot;:false,&quot;showCaptionDescription&quot;:false},&quot;lazy&quot;:true}\" >\r\n\t<div class=\"fg-item fg-type-image fg-idle\"><figure class=\"fg-item-inner\"><a href=\"http:\/\/ecoenerg.com.br\/\" data-attachment-id=\"4840\" class=\"fg-thumb\"><span class=\"fg-image-wrap\"><img loading=\"lazy\" decoding=\"async\" width=\"200\" height=\"200\" class=\"skip-lazy fg-image\" data-src-fg=\"https:\/\/www.mcjb.org.br\/institucional\/wp-content\/uploads\/cache\/2018\/11\/ecoenerg300x300\/3085503713.jpg\" src=\"data:image\/svg+xml,%3Csvg%20xmlns%3D%22http%3A%2F%2Fwww.w3.org%2F2000%2Fsvg%22%20width%3D%22200%22%20height%3D%22200%22%20viewBox%3D%220%200%20200%20200%22%3E%3C%2Fsvg%3E\" \/><\/span><span class=\"fg-image-overlay\"><\/span><\/a><figcaption class=\"fg-caption\"><div class=\"fg-caption-inner\"><\/div><\/figcaption><\/figure><div class=\"fg-loader\"><\/div><\/div><div class=\"fg-item fg-type-image fg-idle\"><figure class=\"fg-item-inner\"><a href=\"http:\/\/pvtech.energiasolar.bsb.br\/\" data-attachment-id=\"4839\" class=\"fg-thumb\"><span class=\"fg-image-wrap\"><img loading=\"lazy\" decoding=\"async\" width=\"200\" height=\"200\" class=\"skip-lazy fg-image\" data-src-fg=\"https:\/\/www.mcjb.org.br\/institucional\/wp-content\/uploads\/cache\/2018\/11\/LOGO_PVTECH_ATUAL300x300\/3941355964.png\" src=\"data:image\/svg+xml,%3Csvg%20xmlns%3D%22http%3A%2F%2Fwww.w3.org%2F2000%2Fsvg%22%20width%3D%22200%22%20height%3D%22200%22%20viewBox%3D%220%200%20200%20200%22%3E%3C%2Fsvg%3E\" \/><\/span><span class=\"fg-image-overlay\"><\/span><\/a><figcaption class=\"fg-caption\"><div class=\"fg-caption-inner\"><\/div><\/figcaption><\/figure><div class=\"fg-loader\"><\/div><\/div><div class=\"fg-item fg-type-image fg-idle\"><figure class=\"fg-item-inner\"><a href=\"http:\/\/www.sicoobexecutivo.com.br\/ns\/\" data-attachment-id=\"4841\" class=\"fg-thumb\"><span class=\"fg-image-wrap\"><img loading=\"lazy\" decoding=\"async\" width=\"200\" height=\"200\" class=\"skip-lazy fg-image\" data-src-fg=\"https:\/\/www.mcjb.org.br\/institucional\/wp-content\/uploads\/cache\/2018\/11\/sicoob-executivo-logo-300x300\/3017274843.jpg\" src=\"data:image\/svg+xml,%3Csvg%20xmlns%3D%22http%3A%2F%2Fwww.w3.org%2F2000%2Fsvg%22%20width%3D%22200%22%20height%3D%22200%22%20viewBox%3D%220%200%20200%20200%22%3E%3C%2Fsvg%3E\" \/><\/span><span class=\"fg-image-overlay\"><\/span><\/a><figcaption class=\"fg-caption\"><div class=\"fg-caption-inner\"><\/div><\/figcaption><\/figure><div class=\"fg-loader\"><\/div><\/div><\/div>\r\n\n","protected":false},"excerpt":{"rendered":"<p>Apresenta\u00e7\u00e3o O conv\u00eanio JB Solar faz parte das a\u00e7\u00f5es de sustentabilidade do MCJB, no \u00e2mbito do projeto JB Sustent\u00e1vel, e \u00e9 o resultado da parceria firmada<span class=\"excerpt-hellip\"> [\u2026]<\/span><\/p>\n","protected":false},"author":1,"featured_media":4756,"parent":0,"menu_order":0,"comment_status":"closed","ping_status":"closed","template":"","meta":{"footnotes":""},"class_list":["post-4741","page","type-page","status-publish","has-post-thumbnail","hentry"],"_links":{"self":[{"href":"https:\/\/www.mcjb.org.br\/institucional\/wp-json\/wp\/v2\/pages\/4741","targetHints":{"allow":["GET"]}}],"collection":[{"href":"https:\/\/www.mcjb.org.br\/institucional\/wp-json\/wp\/v2\/pages"}],"about":[{"href":"https:\/\/www.mcjb.org.br\/institucional\/wp-json\/wp\/v2\/types\/page"}],"author":[{"embeddable":true,"href":"https:\/\/www.mcjb.org.br\/institucional\/wp-json\/wp\/v2\/users\/1"}],"replies":[{"embeddable":true,"href":"https:\/\/www.mcjb.org.br\/institucional\/wp-json\/wp\/v2\/comments?post=4741"}],"version-history":[{"count":53,"href":"https:\/\/www.mcjb.org.br\/institucional\/wp-json\/wp\/v2\/pages\/4741\/revisions"}],"predecessor-version":[{"id":10182,"href":"https:\/\/www.mcjb.org.br\/institucional\/wp-json\/wp\/v2\/pages\/4741\/revisions\/10182"}],"wp:featuredmedia":[{"embeddable":true,"href":"https:\/\/www.mcjb.org.br\/institucional\/wp-json\/wp\/v2\/media\/4756"}],"wp:attachment":[{"href":"https:\/\/www.mcjb.org.br\/institucional\/wp-json\/wp\/v2\/media?parent=4741"}],"curies":[{"name":"wp","href":"https:\/\/api.w.org\/{rel}","templated":true}]}}