{"id":4467,"date":"2018-03-27T14:16:27","date_gmt":"2018-03-27T14:16:27","guid":{"rendered":"http:\/\/www.mcjb.org.br\/institucional\/?page_id=4467"},"modified":"2025-03-17T12:06:12","modified_gmt":"2025-03-17T15:06:12","slug":"documentos","status":"publish","type":"page","link":"https:\/\/www.mcjb.org.br\/institucional\/documentos\/","title":{"rendered":"Documentos"},"content":{"rendered":"\t\t<div data-elementor-type=\"wp-post\" data-elementor-id=\"4467\" class=\"elementor elementor-4467\" data-elementor-post-type=\"page\">\n\t\t\t\t\t\t<section class=\"elementor-section elementor-top-section elementor-element elementor-element-57318745 elementor-section-boxed elementor-section-height-default elementor-section-height-default\" data-id=\"57318745\" data-element_type=\"section\">\n\t\t\t\t\t\t<div class=\"elementor-container elementor-column-gap-default\">\n\t\t\t\t\t<div class=\"elementor-column elementor-col-100 elementor-top-column elementor-element elementor-element-6074fc2f\" data-id=\"6074fc2f\" data-element_type=\"column\">\n\t\t\t<div class=\"elementor-widget-wrap elementor-element-populated\">\n\t\t\t\t\t\t<div class=\"elementor-element elementor-element-63dbc1dc elementor-widget elementor-widget-text-editor\" data-id=\"63dbc1dc\" data-element_type=\"widget\" data-widget_type=\"text-editor.default\">\n\t\t\t\t<div class=\"elementor-widget-container\">\n\t\t\t\t\t\t\t\t\t<p style=\"text-align: left;\"><span style=\"font-size: 14pt;\"><div class=\"su-button-center\"><a href=\"http:\/\/www.mcjb.org.br\/institucional\/wp-content\/uploads\/2018\/03\/Estatuto-de-Constitui\u00e7\u00e3o-do-MCJB.pdf\" class=\"su-button su-button-style-default\" style=\"color:#FFFFFF;background-color:#32643c;border-color:#285030;border-radius:7px\" target=\"_self\"><span style=\"color:#FFFFFF;padding:7px 20px;font-size:16px;line-height:24px;border-color:#709377;border-radius:7px;text-shadow:none\"><i class=\"sui sui-book\" style=\"font-size:16px;color:#FFFFFF\"><\/i> Estatuto<\/span><\/a><\/div><\/span><\/p><p><span style=\"font-size: 14pt;\"><div class=\"su-button-center\"><a href=\"http:\/\/www.mcjb.org.br\/institucional\/wp-content\/uploads\/2020\/03\/Parecer_Conselho_Fiscal_2019_Assinado.pdf\" class=\"su-button su-button-style-default\" style=\"color:#FFFFFF;background-color:#32643c;border-color:#285030;border-radius:7px\" target=\"_self\"><span style=\"color:#FFFFFF;padding:7px 20px;font-size:16px;line-height:24px;border-color:#709377;border-radius:7px;text-shadow:none\"><i class=\"sui sui-folder-open\" style=\"font-size:16px;color:#FFFFFF\"><\/i> Parecer Conselho Fiscal &#8211; 2019<\/span><\/a><\/div><\/span><\/p><p><span style=\"font-size: 14pt;\"><div class=\"su-button-center\"><a href=\"http:\/\/www.mcjb.org.br\/institucional\/wp-content\/uploads\/2020\/03\/Homologa\u00e7\u00e3o_de_Registro_de_Chapa_Conselho_de_Administra\u00e7\u00e3o.pdf\" class=\"su-button su-button-style-default\" style=\"color:#FFFFFF;background-color:#32643c;border-color:#285030;border-radius:7px\" target=\"_self\"><span style=\"color:#FFFFFF;padding:7px 20px;font-size:16px;line-height:24px;border-color:#709377;border-radius:7px;text-shadow:none\"><i class=\"sui sui-folder-open\" style=\"font-size:16px;color:#FFFFFF\"><\/i> Homologa\u00e7\u00e3o Chapa \u00danica &#8211; Elei\u00e7\u00e3o Tri\u00eanio2020\/2023<\/span><\/a><\/div><\/span><br \/><span style=\"font-size: 14pt;\"><div class=\"su-button-center\"><a href=\"http:\/\/www.mcjb.org.br\/institucional\" class=\"su-button su-button-style-default\" style=\"color:#FFFFFF;background-color:#32643c;border-color:#285030;border-radius:7px\" target=\"_self\"><span style=\"color:#FFFFFF;padding:7px 20px;font-size:16px;line-height:24px;border-color:#709377;border-radius:7px;text-shadow:none\"><i class=\"sui sui-folder-open\" style=\"font-size:16px;color:#FFFFFF\"><\/i>  Relat\u00f3rio de Doa\u00e7\u00e3o de \u00c1rvores de Natal 2020<\/span><\/a><\/div><\/span><\/p><p><span style=\"font-size: 14pt;\"><div class=\"su-button-center\"><a href=\"http:\/\/www.mcjb.org.br\/institucional\/wp-content\/uploads\/2022\/03\/Regimento-Interno-CPS.pdf\" class=\"su-button su-button-style-default\" style=\"color:#FFFFFF;background-color:#32643c;border-color:#285030;border-radius:7px\" target=\"_self\"><span style=\"color:#FFFFFF;padding:7px 20px;font-size:16px;line-height:24px;border-color:#709377;border-radius:7px;text-shadow:none\"><i class=\"sui sui-filealt\" style=\"font-size:16px;color:#FFFFFF\"><\/i> Regimento Interno CPS<\/span><\/a><\/div><\/span><\/p>\t\t\t\t\t\t\t\t<\/div>\n\t\t\t\t<\/div>\n\t\t\t\t\t<\/div>\n\t\t<\/div>\n\t\t\t\t\t<\/div>\n\t\t<\/section>\n\t\t\t\t<section class=\"elementor-section elementor-top-section elementor-element elementor-element-0d4ead0 elementor-section-boxed elementor-section-height-default elementor-section-height-default\" data-id=\"0d4ead0\" data-element_type=\"section\">\n\t\t\t\t\t\t<div class=\"elementor-container elementor-column-gap-default\">\n\t\t\t\t\t<div class=\"elementor-column elementor-col-100 elementor-top-column elementor-element elementor-element-92fbb84\" data-id=\"92fbb84\" data-element_type=\"column\">\n\t\t\t<div class=\"elementor-widget-wrap\">\n\t\t\t\t\t\t\t<\/div>\n\t\t<\/div>\n\t\t\t\t\t<\/div>\n\t\t<\/section>\n\t\t\t\t<\/div>\n\t\t","protected":false},"excerpt":{"rendered":"","protected":false},"author":2,"featured_media":4499,"parent":0,"menu_order":0,"comment_status":"closed","ping_status":"closed","template":"","meta":{"footnotes":""},"class_list":["post-4467","page","type-page","status-publish","has-post-thumbnail","hentry"],"_links":{"self":[{"href":"https:\/\/www.mcjb.org.br\/institucional\/wp-json\/wp\/v2\/pages\/4467","targetHints":{"allow":["GET"]}}],"collection":[{"href":"https:\/\/www.mcjb.org.br\/institucional\/wp-json\/wp\/v2\/pages"}],"about":[{"href":"https:\/\/www.mcjb.org.br\/institucional\/wp-json\/wp\/v2\/types\/page"}],"author":[{"embeddable":true,"href":"https:\/\/www.mcjb.org.br\/institucional\/wp-json\/wp\/v2\/users\/2"}],"replies":[{"embeddable":true,"href":"https:\/\/www.mcjb.org.br\/institucional\/wp-json\/wp\/v2\/comments?post=4467"}],"version-history":[{"count":34,"href":"https:\/\/www.mcjb.org.br\/institucional\/wp-json\/wp\/v2\/pages\/4467\/revisions"}],"predecessor-version":[{"id":12135,"href":"https:\/\/www.mcjb.org.br\/institucional\/wp-json\/wp\/v2\/pages\/4467\/revisions\/12135"}],"wp:featuredmedia":[{"embeddable":true,"href":"https:\/\/www.mcjb.org.br\/institucional\/wp-json\/wp\/v2\/media\/4499"}],"wp:attachment":[{"href":"https:\/\/www.mcjb.org.br\/institucional\/wp-json\/wp\/v2\/media?parent=4467"}],"curies":[{"name":"wp","href":"https:\/\/api.w.org\/{rel}","templated":true}]}}